{"id":6438,"date":"2025-06-03T22:45:04","date_gmt":"2025-06-03T22:45:04","guid":{"rendered":"https:\/\/www.dominikwarmillo.pl\/?post_type=product&#038;p=6438"},"modified":"2025-06-03T23:15:09","modified_gmt":"2025-06-03T23:15:09","slug":"pielegnowanie-relacji","status":"publish","type":"product","link":"https:\/\/www.dominikwarmillo.pl\/uk\/product\/pielegnowanie-relacji\/","title":{"rendered":"PIEL\u0118GNOWANIE RELACJI"},"content":{"rendered":"<p>Jak inwestowa\u0107 czas i energi\u0119 w bliskie wi\u0119zi<\/p>\n<p>Zadbane relacje to jeden z filar\u00f3w zdrowia psychicznego i satysfakcji z \u017cycia.<br \/>\nW tym ebooku dostajesz konkretne narz\u0119dzia psychologiczne i codzienne praktyki, kt\u00f3re pomog\u0105 Ci:<\/p>\n<ul>\n<li>budowa\u0107 g\u0142\u0119bsze po\u0142\u0105czenia z bliskimi,<\/li>\n<li>lepiej komunikowa\u0107 swoje potrzeby,<\/li>\n<li>wyznacza\u0107 zdrowe granice,<\/li>\n<li>odzyska\u0107 r\u00f3wnowag\u0119 w relacjach.<\/li>\n<\/ul>\n<p>Idealny dla ka\u017cdego, kto chce bardziej \u015bwiadomie tworzy\u0107 i rozwija\u0107 swoje relacje.<\/p>\n<p>\ud83d\udc49 Gotowy, by zacz\u0105\u0107 piel\u0119gnowa\u0107 to, co naprawd\u0119 wa\u017cne?<\/p>","protected":false},"excerpt":{"rendered":"<p>Jak inwestowa\u0107 czas i energi\u0119 w bliskie wi\u0119zi Zadbane relacje to jeden z filar\u00f3w zdrowia psychicznego i satysfakcji z \u017cycia. W tym ebooku dostajesz konkretne narz\u0119dzia psychologiczne i codzienne praktyki, kt\u00f3re pomog\u0105 Ci: budowa\u0107 g\u0142\u0119bsze po\u0142\u0105czenia z bliskimi, lepiej komunikowa\u0107 [&hellip;]<\/p>","protected":false},"featured_media":6446,"comment_status":"open","ping_status":"closed","template":"","meta":{"inline_featured_image":false},"product_cat":[106],"product_tag":[],"class_list":["post-6438","product","type-product","status-publish","has-post-thumbnail","hentry","product_cat-ebooki"],"_links":{"self":[{"href":"https:\/\/www.dominikwarmillo.pl\/uk\/wp-json\/wp\/v3\/product\/6438"}],"collection":[{"href":"https:\/\/www.dominikwarmillo.pl\/uk\/wp-json\/wp\/v3\/product"}],"about":[{"href":"https:\/\/www.dominikwarmillo.pl\/uk\/wp-json\/wp\/v2\/types\/product"}],"replies":[{"embeddable":true,"href":"https:\/\/www.dominikwarmillo.pl\/uk\/wp-json\/wp\/v2\/comments?post=6438"}],"version-history":[{"count":1,"href":"https:\/\/www.dominikwarmillo.pl\/uk\/wp-json\/wp\/v3\/product\/6438\/revisions"}],"predecessor-version":[{"id":6447,"href":"https:\/\/www.dominikwarmillo.pl\/uk\/wp-json\/wp\/v3\/product\/6438\/revisions\/6447"}],"wp:featuredmedia":[{"embeddable":true,"href":"https:\/\/www.dominikwarmillo.pl\/uk\/wp-json\/wp\/v2\/media\/6446"}],"wp:attachment":[{"href":"https:\/\/www.dominikwarmillo.pl\/uk\/wp-json\/wp\/v2\/media?parent=6438"}],"wp:term":[{"taxonomy":"product_cat","embeddable":true,"href":"https:\/\/www.dominikwarmillo.pl\/uk\/wp-json\/wp\/v2\/product_cat?post=6438"},{"taxonomy":"product_tag","embeddable":true,"href":"https:\/\/www.dominikwarmillo.pl\/uk\/wp-json\/wp\/v2\/product_tag?post=6438"}],"curies":[{"name":"wp","href":"https:\/\/api.w.org\/{rel}","templated":true}]}}