{"id":6284,"date":"2025-02-13T09:43:52","date_gmt":"2025-02-13T09:43:52","guid":{"rendered":"https:\/\/www.dominikwarmillo.pl\/?post_type=product&#038;p=6284"},"modified":"2025-02-15T16:54:44","modified_gmt":"2025-02-15T16:54:44","slug":"zelazna-pewnosc-siebie","status":"publish","type":"product","link":"https:\/\/www.dominikwarmillo.pl\/uk\/product\/zelazna-pewnosc-siebie\/","title":{"rendered":"\u017bELAZNA PEWNO\u015a\u0106 SIEBIE"},"content":{"rendered":"<p>Jak zbudowa\u0107 niezachwian\u0105 wiar\u0119 w siebie i osi\u0105gn\u0105\u0107 wi\u0119cej w \u017cyciu? E-book \u201e\u017belazna Pewno\u015b\u0107 Siebie\u201d to kompleksowy przewodnik, kt\u00f3ry pomo\u017ce Ci odkry\u0107 i wzmocni\u0107 niez\u0142omn\u0105 wiar\u0119 we w\u0142asne mo\u017cliwo\u015bci \u2013 zar\u00f3wno w \u017cyciu osobistym, jak i zawodowym. Niezale\u017cnie od tego, czy jeste\u015b kobiet\u0105, czy m\u0119\u017cczyzn\u0105, znajdziesz tu sprawdzone metody oraz praktyczne \u0107wiczenia, dzi\u0119ki kt\u00f3rym prze\u0142amiesz wewn\u0119trzne bariery i zaczniesz dzia\u0142a\u0107 z pe\u0142n\u0105 determinacj\u0105. W e-booku \u201e\u017belazna Pewno\u015b\u0107 Siebie\u201d dowiesz si\u0119 m.in.:<\/p>\n<ul>\n<li>Jak zbudowa\u0107 solidne fundamenty pewno\u015bci siebie: Poznasz skuteczne techniki pracy nad sob\u0105, w tym wizualizacje, afirmacje oraz metody mindfulness, kt\u00f3re pomog\u0105 Ci utrzyma\u0107 pozytywne nastawienie ka\u017cdego dnia.<\/li>\n<li>Sposoby radzenia sobie ze stresem i krytyk\u0105: Nauczysz si\u0119, jak zamienia\u0107 negatywne do\u015bwiadczenia w si\u0142\u0119 nap\u0119dow\u0105 do dalszego rozwoju i osi\u0105gania cel\u00f3w.<\/li>\n<li>Strategie komunikacyjne: Odkryjesz, jak pewnie wyra\u017ca\u0107 swoje my\u015bli, asertywnie prezentowa\u0107 swoje zdanie i budowa\u0107 relacje oparte na wzajemnym szacunku.<\/li>\n<li>Inspiruj\u0105ce historie sukcesu: Poznasz przyk\u0142ady os\u00f3b, kt\u00f3re dzi\u0119ki determinacji i pracy nad sob\u0105 osi\u0105gn\u0119\u0142y niesamowite rezultaty, staj\u0105c si\u0119 wzorem dla innych.<\/li>\n<li>Praktyczne \u0107wiczenia i narz\u0119dzia: Krok po kroku dowiesz si\u0119, jak wprowadzi\u0107 zmiany w swoim \u017cyciu, kt\u00f3re pozwol\u0105 Ci zyska\u0107 \u017celazn\u0105 pewno\u015b\u0107 siebie, niezale\u017cnie od przeciwno\u015bci.<\/li>\n<\/ul>\n<p>Je\u015bli jeste\u015b gotowy, aby prze\u0142ama\u0107 swoje ograniczenia i w pe\u0142ni wykorzysta\u0107 sw\u00f3j potencja\u0142, \u201e\u017belazna Pewno\u015b\u0107 Siebie\u201d stanie si\u0119 Twoim nieocenionym wsparciem na drodze do sukcesu. Zainwestuj w siebie ju\u017c dzi\u015b i otw\u00f3rz drzwi do nowych mo\u017cliwo\u015bci!<\/p>","protected":false},"excerpt":{"rendered":"<p>Jak zbudowa\u0107 niezachwian\u0105 wiar\u0119 w siebie i osi\u0105gn\u0105\u0107 wi\u0119cej w \u017cyciu? E-book \u201e\u017belazna Pewno\u015b\u0107 Siebie\u201d to kompleksowy przewodnik, kt\u00f3ry pomo\u017ce Ci odkry\u0107 i wzmocni\u0107 niez\u0142omn\u0105 wiar\u0119 we w\u0142asne mo\u017cliwo\u015bci \u2013 zar\u00f3wno w \u017cyciu osobistym, jak i zawodowym. Niezale\u017cnie od tego, [&hellip;]<\/p>","protected":false},"featured_media":6308,"comment_status":"open","ping_status":"closed","template":"","meta":{"inline_featured_image":false},"product_cat":[106],"product_tag":[],"class_list":["post-6284","product","type-product","status-publish","has-post-thumbnail","hentry","product_cat-ebooki"],"_links":{"self":[{"href":"https:\/\/www.dominikwarmillo.pl\/uk\/wp-json\/wp\/v3\/product\/6284"}],"collection":[{"href":"https:\/\/www.dominikwarmillo.pl\/uk\/wp-json\/wp\/v3\/product"}],"about":[{"href":"https:\/\/www.dominikwarmillo.pl\/uk\/wp-json\/wp\/v2\/types\/product"}],"replies":[{"embeddable":true,"href":"https:\/\/www.dominikwarmillo.pl\/uk\/wp-json\/wp\/v2\/comments?post=6284"}],"version-history":[{"count":3,"href":"https:\/\/www.dominikwarmillo.pl\/uk\/wp-json\/wp\/v3\/product\/6284\/revisions"}],"predecessor-version":[{"id":6309,"href":"https:\/\/www.dominikwarmillo.pl\/uk\/wp-json\/wp\/v3\/product\/6284\/revisions\/6309"}],"wp:featuredmedia":[{"embeddable":true,"href":"https:\/\/www.dominikwarmillo.pl\/uk\/wp-json\/wp\/v2\/media\/6308"}],"wp:attachment":[{"href":"https:\/\/www.dominikwarmillo.pl\/uk\/wp-json\/wp\/v2\/media?parent=6284"}],"wp:term":[{"taxonomy":"product_cat","embeddable":true,"href":"https:\/\/www.dominikwarmillo.pl\/uk\/wp-json\/wp\/v2\/product_cat?post=6284"},{"taxonomy":"product_tag","embeddable":true,"href":"https:\/\/www.dominikwarmillo.pl\/uk\/wp-json\/wp\/v2\/product_tag?post=6284"}],"curies":[{"name":"wp","href":"https:\/\/api.w.org\/{rel}","templated":true}]}}