{"id":6219,"date":"2025-01-10T23:02:15","date_gmt":"2025-01-10T23:02:15","guid":{"rendered":"https:\/\/www.dominikwarmillo.pl\/mystaging01\/?page_id=6219"},"modified":"2025-06-01T22:12:32","modified_gmt":"2025-06-01T22:12:32","slug":"konsulting-biznesowy","status":"publish","type":"page","link":"https:\/\/www.dominikwarmillo.pl\/uk\/konsulting-biznesowy\/","title":{"rendered":"KONSULTING BIZNESOWY"},"content":{"rendered":"<div data-elementor-type=\"wp-page\" data-elementor-id=\"6219\" class=\"elementor elementor-6219\">\n\t\t\t\t\t\t\t\t\t<section class=\"elementor-section elementor-top-section elementor-element elementor-element-921e5c4 elementor-section-full_width elementor-section-height-default elementor-section-height-default mkdf-parallax-row-no mkdf-content-aligment-left mkdf-elementor-row-grid-no mkdf-disabled-bg-image-bellow-no mkdf-row-btt-light\" data-id=\"921e5c4\" data-element_type=\"section\" data-settings=\"{&quot;background_background&quot;:&quot;classic&quot;}\">\n\t\t\t\t\t\t<div class=\"elementor-container elementor-column-gap-default\">\n\t\t\t\t\t<div class=\"elementor-column elementor-col-50 elementor-top-column elementor-element elementor-element-217cf75\" data-id=\"217cf75\" data-element_type=\"column\">\n\t\t\t<div class=\"elementor-widget-wrap elementor-element-populated\">\n\t\t\t\t\t\t\t\t<div class=\"elementor-element elementor-element-6644053 elementor-widget-mobile__width-initial elementor-widget elementor-widget-heading\" data-id=\"6644053\" data-element_type=\"widget\" data-widget_type=\"heading.default\">\n\t\t\t\t<div class=\"elementor-widget-container\">\n\t\t\t<style>\/*! elementor - v3.12.1 - 02-04-2023 *\/\n.elementor-heading-title{padding:0;margin:0;line-height:1}.elementor-widget-heading .elementor-heading-title[class*=elementor-size-]>a{color:inherit;font-size:inherit;line-height:inherit}.elementor-widget-heading .elementor-heading-title.elementor-size-small{font-size:15px}.elementor-widget-heading .elementor-heading-title.elementor-size-medium{font-size:19px}.elementor-widget-heading .elementor-heading-title.elementor-size-large{font-size:29px}.elementor-widget-heading .elementor-heading-title.elementor-size-xl{font-size:39px}.elementor-widget-heading .elementor-heading-title.elementor-size-xxl{font-size:59px}<\/style><h2 class=\"elementor-heading-title elementor-size-default\">Konsulting biznesowy i strategia<\/h2>\t\t<\/div>\n\t\t\t\t<\/div>\n\t\t\t\t<div class=\"elementor-element elementor-element-5984a85 elementor-widget__width-initial elementor-widget elementor-widget-text-editor\" data-id=\"5984a85\" data-element_type=\"widget\" data-widget_type=\"text-editor.default\">\n\t\t\t\t<div class=\"elementor-widget-container\">\n\t\t\t<style>\/*! elementor - v3.12.1 - 02-04-2023 *\/\n.elementor-widget-text-editor.elementor-drop-cap-view-stacked .elementor-drop-cap{background-color:#69727d;color:#fff}.elementor-widget-text-editor.elementor-drop-cap-view-framed .elementor-drop-cap{color:#69727d;border:3px solid;background-color:transparent}.elementor-widget-text-editor:not(.elementor-drop-cap-view-default) .elementor-drop-cap{margin-top:8px}.elementor-widget-text-editor:not(.elementor-drop-cap-view-default) .elementor-drop-cap-letter{width:1em;height:1em}.elementor-widget-text-editor .elementor-drop-cap{float:left;text-align:center;line-height:1;font-size:50px}.elementor-widget-text-editor .elementor-drop-cap-letter{display:inline-block}<\/style>\t\t\t\t<p>Masz wiedz\u0119 i umiej\u0119tno\u015bci. Ale co\u015b nie gra \u2013 decyzje si\u0119 przeci\u0105gaj\u0105, chaos zjada plan, a Ty czujesz, \u017ce sta\u0107 Ci\u0119 na wi\u0119cej.<\/p>\n<p>W konsultingu:<\/p>\n<ul>\n<li>pomagam Ci nazwa\u0107, co naprawd\u0119 chcesz osi\u0105gn\u0105\u0107,<\/li>\n<li>tworzymy strategi\u0119 pod Twoj\u0105 osobowo\u015b\u0107 i zasoby,<\/li>\n<li>porz\u0105dkujemy Tw\u00f3j system \u2013 od ludzi po zadania.<\/li>\n<\/ul>\n<p>To nie mentoring \u201ez motywacj\u0105\u201d. To konkretne dzia\u0142anie. Pracujesz m\u0105drzej. Dzia\u0142asz efektywniej.<\/p>\t\t\t\t\t\t<\/div>\n\t\t\t\t<\/div>\n\t\t\t\t<div class=\"elementor-element elementor-element-7ab67d4 elementor-widget-mobile__width-auto elementor-widget elementor-widget-mkdf_button\" data-id=\"7ab67d4\" data-element_type=\"widget\" data-widget_type=\"mkdf_button.default\">\n\t\t\t\t<div class=\"elementor-widget-container\">\n\t\t\t<div class=\"mkdf-btn-outer-holder mkdf-btn-outer-outline mkdf-btn-outer-medium\" >\n    <a itemprop=\"url\" href=\"https:\/\/www.dominikwarmillo.pl\/uk\/kontakt\/\" target=\"_blank\" style=\"color: #FFFFFF;border-color: #FFFFFF\" class=\"mkdf-btn mkdf-btn-medium mkdf-btn-outline mkdf-btn-custom-border-hover\" data-hover-border-color=\"#FFFFFF\" 0=\"color: #FFFFFF\" 1=\"border-color: #FFFFFF\">\n        <span class=\"mkdf-btn-text\">\u041d\u0430\u043f\u0438\u0448\u0438 \u043c\u0435\u043d\u0456<\/span>\n            <\/a>\n    <div class=\"mkdf-btn-top-line\"  style=\"background-color: #FFFFFF\" ><\/div>\n    <div class=\"mkdf-btn-right-line\"  style=\"background-color: #FFFFFF\" ><\/div>\n    <div class=\"mkdf-btn-bottom-line\"  style=\"background-color: #FFFFFF\" ><\/div>\n    <div class=\"mkdf-btn-left-line\"  style=\"background-color: #FFFFFF\" ><\/div>\n<\/div>\t\t<\/div>\n\t\t\t\t<\/div>\n\t\t\t\t<div class=\"elementor-element elementor-element-5d2c706 elementor-widget-mobile__width-auto elementor-hidden-desktop elementor-hidden-tablet elementor-hidden-mobile elementor-widget elementor-widget-mkdf_button\" data-id=\"5d2c706\" data-element_type=\"widget\" data-widget_type=\"mkdf_button.default\">\n\t\t\t\t<div class=\"elementor-widget-container\">\n\t\t\t<div class=\"mkdf-btn-outer-holder mkdf-btn-outer-outline mkdf-btn-outer-medium\" >\n    <a itemprop=\"url\" href=\"https:\/\/www.dominikwarmillo.pl\/uk\/sklep\/ebooki\/\" target=\"_blank\" style=\"color: #FFFFFF;border-color: #FFFFFF\" class=\"mkdf-btn mkdf-btn-medium mkdf-btn-outline mkdf-btn-custom-border-hover\" data-hover-border-color=\"#FFFFFF\" 0=\"color: #FFFFFF\" 1=\"border-color: #FFFFFF\">\n        <span class=\"mkdf-btn-text\">otrzymaj e-booki bezp\u0142atnie<\/span>\n            <\/a>\n    <div class=\"mkdf-btn-top-line\"  style=\"background-color: #FFFFFF\" ><\/div>\n    <div class=\"mkdf-btn-right-line\"  style=\"background-color: #FFFFFF\" ><\/div>\n    <div class=\"mkdf-btn-bottom-line\"  style=\"background-color: #FFFFFF\" ><\/div>\n    <div class=\"mkdf-btn-left-line\"  style=\"background-color: #FFFFFF\" ><\/div>\n<\/div>\t\t<\/div>\n\t\t\t\t<\/div>\n\t\t\t\t<div class=\"elementor-element elementor-element-468bab2 elementor-widget-mobile__width-initial elementor-hidden-desktop elementor-hidden-tablet elementor-hidden-mobile elementor-widget elementor-widget-heading\" data-id=\"468bab2\" data-element_type=\"widget\" data-widget_type=\"heading.default\">\n\t\t\t\t<div class=\"elementor-widget-container\">\n\t\t\t<h2 class=\"elementor-heading-title elementor-size-default\">\"7-dniowy plan treningowy w domu\"<\/h2>\t\t<\/div>\n\t\t\t\t<\/div>\n\t\t\t\t<div class=\"elementor-element elementor-element-e174a05 elementor-widget__width-initial elementor-hidden-desktop elementor-hidden-tablet elementor-hidden-mobile elementor-widget elementor-widget-text-editor\" data-id=\"e174a05\" data-element_type=\"widget\" data-widget_type=\"text-editor.default\">\n\t\t\t\t<div class=\"elementor-widget-container\">\n\t\t\t\t\t\t\t<p>Odkryj 7-dniowy plan treningowy w domu, kt\u00f3ry umo\u017cliwia popraw\u0119 kondycji bez potrzeby u\u017cywania sprz\u0119tu. E-book zawiera szczeg\u00f3\u0142owo rozpisane \u0107wiczenia, wskaz\u00f3wki treningowe i porady na temat unikania b\u0142\u0119d\u00f3w, co pozwala trenowa\u0107 efektywnie i bezpiecznie. Idealne rozwi\u0105zanie dla os\u00f3b chc\u0105cych oszcz\u0119dza\u0107 czas i pieni\u0105dze, przy jednoczesnym osi\u0105ganiu wymiernych efekt\u00f3w.<\/p>\t\t\t\t\t\t<\/div>\n\t\t\t\t<\/div>\n\t\t\t\t<div class=\"elementor-element elementor-element-01f71a6 elementor-widget__width-initial elementor-hidden-desktop elementor-hidden-tablet elementor-hidden-mobile elementor-widget elementor-widget-mkdf_banner\" data-id=\"01f71a6\" data-element_type=\"widget\" data-widget_type=\"mkdf_banner.default\">\n\t\t\t\t<div class=\"elementor-widget-container\">\n\t\t\t<div class=\"mkdf-banner-holder  mkdf-visible-on-hover mkdf-banner-info-default\">\n    <a itemprop=\"url\" href=\"\" target=\"\"><\/a>\n    <div class=\"mkdf-banner-image\">\n        <img decoding=\"async\" width=\"512\" height=\"800\" src=\"https:\/\/www.dominikwarmillo.pl\/wp-content\/uploads\/2025\/01\/ebook1front.webp\" class=\"attachment-full size-full\" alt=\"\" srcset=\"https:\/\/www.dominikwarmillo.pl\/wp-content\/uploads\/2025\/01\/ebook1front.webp 512w, https:\/\/www.dominikwarmillo.pl\/wp-content\/uploads\/2025\/01\/ebook1front-192x300.webp 192w, https:\/\/www.dominikwarmillo.pl\/wp-content\/uploads\/2025\/01\/ebook1front-8x12.webp 8w\" sizes=\"(max-width: 512px) 100vw, 512px\" \/>    <\/div>\n    <div class=\"mkdf-banner-text-holder\" >\n\t    <div class=\"mkdf-banner-text-outer\">\n\t\t    <div class=\"mkdf-banner-text-inner\">\n                                \t\t        \n\t\t\t\t                \t\t\t<\/div>\n\t\t<\/div>\n\t<\/div>\n<\/div>\t\t<\/div>\n\t\t\t\t<\/div>\n\t\t\t\t<div class=\"elementor-element elementor-element-63998a2 elementor-widget-mobile__width-initial elementor-hidden-desktop elementor-hidden-tablet elementor-hidden-mobile elementor-widget elementor-widget-heading\" data-id=\"63998a2\" data-element_type=\"widget\" data-widget_type=\"heading.default\">\n\t\t\t\t<div class=\"elementor-widget-container\">\n\t\t\t<h2 class=\"elementor-heading-title elementor-size-default\">\"10 prostych przepis\u00f3w dla os\u00f3b aktywnych fizycznie\"<\/h2>\t\t<\/div>\n\t\t\t\t<\/div>\n\t\t\t\t<div class=\"elementor-element elementor-element-93e2c9b elementor-widget__width-initial elementor-hidden-desktop elementor-hidden-tablet elementor-hidden-mobile elementor-widget elementor-widget-text-editor\" data-id=\"93e2c9b\" data-element_type=\"widget\" data-widget_type=\"text-editor.default\">\n\t\t\t\t<div class=\"elementor-widget-container\">\n\t\t\t\t\t\t\t<p>Odkryj 10 prostych i zdrowych przepis\u00f3w na posi\u0142ki wspieraj\u0105ce regeneracj\u0119 i energi\u0119, z my\u015bl\u0105 o osobach aktywnych fizycznie. E-book oferuje \u0142atwe w przygotowaniu dania, kt\u00f3re s\u0105 nie tylko smaczne, ale tak\u017ce doskonale dostosowane do potrzeb sportowc\u00f3w, pomagaj\u0105c osi\u0105gn\u0105\u0107 cele treningowe. Przepisy zawieraj\u0105 opcje na \u015bniadania, obiady i przek\u0105ski, idealne dla tych, kt\u00f3rzy chc\u0105 zdrowo si\u0119 od\u017cywia\u0107 bez sp\u0119dzania godzin w kuchni.<\/p>\t\t\t\t\t\t<\/div>\n\t\t\t\t<\/div>\n\t\t\t\t<div class=\"elementor-element elementor-element-4c9c0e2 elementor-widget-mobile__width-initial elementor-hidden-desktop elementor-hidden-tablet elementor-hidden-mobile elementor-widget elementor-widget-heading\" data-id=\"4c9c0e2\" data-element_type=\"widget\" data-widget_type=\"heading.default\">\n\t\t\t\t<div class=\"elementor-widget-container\">\n\t\t\t<h2 class=\"elementor-heading-title elementor-size-default\">\"JAK SKUTECZNIE USTALA\u0106 CELE I UNIKA\u0106 WYPALENIA?\"<\/h2>\t\t<\/div>\n\t\t\t\t<\/div>\n\t\t\t\t<div class=\"elementor-element elementor-element-c647761 elementor-widget__width-initial elementor-hidden-desktop elementor-hidden-tablet elementor-hidden-mobile elementor-widget elementor-widget-mkdf_banner\" data-id=\"c647761\" data-element_type=\"widget\" data-widget_type=\"mkdf_banner.default\">\n\t\t\t\t<div class=\"elementor-widget-container\">\n\t\t\t<div class=\"mkdf-banner-holder  mkdf-visible-on-hover mkdf-banner-info-default\">\n    <a itemprop=\"url\" href=\"\" target=\"\"><\/a>\n    <div class=\"mkdf-banner-image\">\n        <img decoding=\"async\" width=\"512\" height=\"800\" src=\"https:\/\/www.dominikwarmillo.pl\/wp-content\/uploads\/2025\/01\/ebook2front.webp\" class=\"attachment-full size-full\" alt=\"\" srcset=\"https:\/\/www.dominikwarmillo.pl\/wp-content\/uploads\/2025\/01\/ebook2front.webp 512w, https:\/\/www.dominikwarmillo.pl\/wp-content\/uploads\/2025\/01\/ebook2front-192x300.webp 192w, https:\/\/www.dominikwarmillo.pl\/wp-content\/uploads\/2025\/01\/ebook2front-8x12.webp 8w\" sizes=\"(max-width: 512px) 100vw, 512px\" \/>    <\/div>\n    <div class=\"mkdf-banner-text-holder\" >\n\t    <div class=\"mkdf-banner-text-outer\">\n\t\t    <div class=\"mkdf-banner-text-inner\">\n                                \t\t        \n\t\t\t\t                \t\t\t<\/div>\n\t\t<\/div>\n\t<\/div>\n<\/div>\t\t<\/div>\n\t\t\t\t<\/div>\n\t\t\t\t<div class=\"elementor-element elementor-element-05e3917 elementor-widget__width-initial elementor-hidden-desktop elementor-hidden-tablet elementor-hidden-mobile elementor-widget elementor-widget-text-editor\" data-id=\"05e3917\" data-element_type=\"widget\" data-widget_type=\"text-editor.default\">\n\t\t\t\t<div class=\"elementor-widget-container\">\n\t\t\t\t\t\t\t<p>Jak skutecznie ustali\u0107 cele i unika\u0107 wypalenia \u2013 ebook, kt\u00f3ry pomo\u017ce Ci osi\u0105gn\u0105\u0107 wi\u0119cej, bez stresu i frustracji! Masz wra\u017cenie, \u017ce stawiasz sobie cele, ale nigdy ich nie realizujesz? A mo\u017ce p\u0119dzisz do przodu, ale brakuje Ci energii i motywacji? Kluczem do sukcesu jest nie tylko skuteczne planowanie, ale tak\u017ce unikanie wypalenia.\u00a0<\/p>\t\t\t\t\t\t<\/div>\n\t\t\t\t<\/div>\n\t\t\t\t<div class=\"elementor-element elementor-element-b63c1a1 elementor-widget__width-initial elementor-hidden-desktop elementor-hidden-tablet elementor-hidden-mobile elementor-widget elementor-widget-mkdf_banner\" data-id=\"b63c1a1\" data-element_type=\"widget\" data-widget_type=\"mkdf_banner.default\">\n\t\t\t\t<div class=\"elementor-widget-container\">\n\t\t\t<div class=\"mkdf-banner-holder  mkdf-visible-on-hover mkdf-banner-info-default\">\n    <a itemprop=\"url\" href=\"\" target=\"\"><\/a>\n    <div class=\"mkdf-banner-image\">\n        <img decoding=\"async\" width=\"512\" height=\"800\" src=\"https:\/\/www.dominikwarmillo.pl\/wp-content\/uploads\/2025\/02\/1.webp\" class=\"attachment-full size-full\" alt=\"\" srcset=\"https:\/\/www.dominikwarmillo.pl\/wp-content\/uploads\/2025\/02\/1.webp 512w, https:\/\/www.dominikwarmillo.pl\/wp-content\/uploads\/2025\/02\/1-192x300.webp 192w, https:\/\/www.dominikwarmillo.pl\/wp-content\/uploads\/2025\/02\/1-8x12.webp 8w\" sizes=\"(max-width: 512px) 100vw, 512px\" \/>    <\/div>\n    <div class=\"mkdf-banner-text-holder\" >\n\t    <div class=\"mkdf-banner-text-outer\">\n\t\t    <div class=\"mkdf-banner-text-inner\">\n                                \t\t        \n\t\t\t\t                \t\t\t<\/div>\n\t\t<\/div>\n\t<\/div>\n<\/div>\t\t<\/div>\n\t\t\t\t<\/div>\n\t\t\t\t<section class=\"elementor-section elementor-inner-section elementor-element elementor-element-f46eb0c elementor-hidden-desktop elementor-hidden-tablet elementor-hidden-mobile elementor-section-boxed elementor-section-height-default elementor-section-height-default mkdf-parallax-row-no mkdf-content-aligment-left mkdf-elementor-row-grid-no mkdf-disabled-bg-image-bellow-no mkdf-row-btt-light\" data-id=\"f46eb0c\" data-element_type=\"section\">\n\t\t\t\t\t\t<div class=\"elementor-container elementor-column-gap-default\">\n\t\t\t\t\t<div class=\"elementor-column elementor-col-100 elementor-inner-column elementor-element elementor-element-429654e\" data-id=\"429654e\" data-element_type=\"column\">\n\t\t\t<div class=\"elementor-widget-wrap elementor-element-populated\">\n\t\t\t\t\t\t\t\t<div class=\"elementor-element elementor-element-931b473 elementor-widget elementor-widget-text-editor\" data-id=\"931b473\" data-element_type=\"widget\" data-widget_type=\"text-editor.default\">\n\t\t\t\t<div class=\"elementor-widget-container\">\n\t\t\t\t\t\t\t<h2><span style=\"color: #ffffff;\">\u041c\u0456\u0441\u0446\u0435 \u043d\u0430\u0432\u0447\u0430\u043d\u043d\u044f<\/span><\/h2>\t\t\t\t\t\t<\/div>\n\t\t\t\t<\/div>\n\t\t\t\t<div class=\"elementor-element elementor-element-66f40f6 elementor-widget elementor-widget-text-editor\" data-id=\"66f40f6\" data-element_type=\"widget\" data-widget_type=\"text-editor.default\">\n\t\t\t\t<div class=\"elementor-widget-container\">\n\t\t\t\t\t\t\t<p><strong>Innovation Gym aleja \u015al\u0105ska 1,\u00a0<\/strong><\/p><p><strong>54-118 Wroc\u0142aw<\/strong><\/p>\t\t\t\t\t\t<\/div>\n\t\t\t\t<\/div>\n\t\t\t\t\t<\/div>\n\t\t<\/div>\n\t\t\t\t\t\t\t<\/div>\n\t\t<\/section>\n\t\t\t\t<div class=\"elementor-element elementor-element-705aca9 elementor-hidden-desktop elementor-hidden-tablet elementor-hidden-mobile elementor-widget elementor-widget-mkdf_team\" data-id=\"705aca9\" data-element_type=\"widget\" data-widget_type=\"mkdf_team.default\">\n\t\t\t\t<div class=\"elementor-widget-container\">\n\t\t\t<div class=\"mkdf-team-holder mkdf-team-info-beside-image\">\n\t<div class=\"mkdf-team-inner\">\n\t\t\t\t\t<div class=\"mkdf-team-image\">\n                <img decoding=\"async\" width=\"1333\" height=\"2000\" src=\"https:\/\/www.dominikwarmillo.pl\/wp-content\/uploads\/2024\/12\/Story-of-Wesky-photo-37-z-53.webp\" class=\"attachment-full size-full\" alt=\"\" srcset=\"https:\/\/www.dominikwarmillo.pl\/wp-content\/uploads\/2024\/12\/Story-of-Wesky-photo-37-z-53.webp 1333w, https:\/\/www.dominikwarmillo.pl\/wp-content\/uploads\/2024\/12\/Story-of-Wesky-photo-37-z-53-200x300.webp 200w, https:\/\/www.dominikwarmillo.pl\/wp-content\/uploads\/2024\/12\/Story-of-Wesky-photo-37-z-53-682x1024.webp 682w, https:\/\/www.dominikwarmillo.pl\/wp-content\/uploads\/2024\/12\/Story-of-Wesky-photo-37-z-53-768x1152.webp 768w, https:\/\/www.dominikwarmillo.pl\/wp-content\/uploads\/2024\/12\/Story-of-Wesky-photo-37-z-53-1024x1536.webp 1024w, https:\/\/www.dominikwarmillo.pl\/wp-content\/uploads\/2024\/12\/Story-of-Wesky-photo-37-z-53-8x12.webp 8w, https:\/\/www.dominikwarmillo.pl\/wp-content\/uploads\/2024\/12\/Story-of-Wesky-photo-37-z-53-600x900.webp 600w\" sizes=\"(max-width: 1333px) 100vw, 1333px\" \/>\t\t\t\t\t\t\t<\/div>\n\t\t\t\t<div class=\"mkdf-team-info\">\n\t\t\t\t\t\t\t<h6 class=\"mkdf-team-position\" style=\"color: #FFFFFF\">\u041e\u0441\u043e\u0431\u0438\u0441\u0442\u0438\u0439 \u0442\u0440\u0435\u043d\u0435\u0440<\/h6>\n\t\t\t                        <h4 class=\"mkdf-team-name\" style=\"color: #A80000\">Dominik Warmi\u0142\u0142o<\/h4>\n            \t\t\t\t\t<\/div>\n                <div class=\"mkdf-team-social-floating\">\n            <div class=\"mkdf-team-social-holder\">\n                                                                            <span class=\"mkdf-team-icon-outer\">\n                    \n                            <span class=\"mkdf-team-icon\">\n                                    <span class=\"mkdf-icon-shortcode mkdf-normal\">\n                    <a class=\"\" href=\"https:\/\/www.facebook.com\/profile.php?id=100086663071992\" target=\"_blank\" rel=\"noopener\">\n                    <i class=\"mkdf-icon-ion-icon ion-social-facebook-outline mkdf-icon-element\"><\/i>                    <\/a>\n            <\/span>\n                            <\/span>\n\n                    \n                                                        \n                            <span class=\"mkdf-team-icon mkdf-team-alt-icon\">\n                                    <span class=\"mkdf-icon-shortcode mkdf-normal\">\n                    <a class=\"\" href=\"https:\/\/www.facebook.com\/profile.php?id=100086663071992\" target=\"_blank\" rel=\"noopener\">\n                    <i class=\"mkdf-icon-ion-icon ion-social-facebook mkdf-icon-element\"><\/i>                    <\/a>\n            <\/span>\n                            <\/span>\n\n                                            <\/span>\n                    \n                                                                                <span class=\"mkdf-team-icon-outer\">\n                    \n                            <span class=\"mkdf-team-icon\">\n                                    <span class=\"mkdf-icon-shortcode mkdf-normal\">\n                    <a class=\"\" href=\"https:\/\/www.instagram.com\/dominik.warmillo\/\" target=\"_blank\" rel=\"noopener\">\n                    <i class=\"mkdf-icon-ion-icon ion-social-instagram-outline mkdf-icon-element\"><\/i>                    <\/a>\n            <\/span>\n                            <\/span>\n\n                    \n                                                        \n                            <span class=\"mkdf-team-icon mkdf-team-alt-icon\">\n                                    <span class=\"mkdf-icon-shortcode mkdf-normal\">\n                    <a class=\"\" href=\"https:\/\/www.instagram.com\/dominik.warmillo\/\" target=\"_blank\" rel=\"noopener\">\n                    <i class=\"mkdf-icon-ion-icon ion-social-instagram mkdf-icon-element\"><\/i>                    <\/a>\n            <\/span>\n                            <\/span>\n\n                                            <\/span>\n                    \n                                                                                <span class=\"mkdf-team-icon-outer\">\n                    \n                            <span class=\"mkdf-team-icon\">\n                                    <span class=\"mkdf-icon-shortcode mkdf-normal\">\n                    <a class=\"\" href=\"https:\/\/www.youtube.com\/@warmillo_coach\" target=\"_blank\" rel=\"noopener\">\n                    <i class=\"mkdf-icon-ion-icon ion-social-youtube mkdf-icon-element\"><\/i>                    <\/a>\n            <\/span>\n                            <\/span>\n\n                    \n                                                        \n                            <span class=\"mkdf-team-icon mkdf-team-alt-icon\">\n                                    <span class=\"mkdf-icon-shortcode mkdf-normal\">\n                    <a class=\"\" href=\"https:\/\/www.youtube.com\/@warmillo_coach\" target=\"_blank\" rel=\"noopener\">\n                    <i class=\"mkdf-icon-ion-icon ion-social-youtube-outline mkdf-icon-element\"><\/i>                    <\/a>\n            <\/span>\n                            <\/span>\n\n                                            <\/span>\n                    \n                                                <\/div>\n            <div class=\"mkdf-team-social-opener\">\n                <span class=\"mkdf-icon-ion-icon ion-android-share-alt\"><\/span>\n            <\/div>\n        <\/div>\n        \t<\/div>\n<\/div>\t\t<\/div>\n\t\t\t\t<\/div>\n\t\t\t\t<div class=\"elementor-element elementor-element-fc2b85e elementor-widget elementor-widget-text-editor\" data-id=\"fc2b85e\" data-element_type=\"widget\" data-widget_type=\"text-editor.default\">\n\t\t\t\t<div class=\"elementor-widget-container\">\n\t\t\t\t\t\t\t<span style=\"color: #ffffff;\">Copyright 2023. Created with <i class=\"icon ion-ios-bolt-outline\" style=\"font-size: 24px; margin-right: 5px;\"><\/i>by <a style=\"color: #ffffff;\" href=\"mailto:wiktor.niewczyk@vmdigital.pl\" rel=\"nofollow noopener noreferrer\">VM Digital<\/a><\/span>\t\t\t\t\t\t<\/div>\n\t\t\t\t<\/div>\n\t\t\t\t\t<\/div>\n\t\t<\/div>\n\t\t\t\t<div class=\"elementor-column elementor-col-50 elementor-top-column elementor-element elementor-element-8f0eca7\" data-id=\"8f0eca7\" data-element_type=\"column\" data-settings=\"{&quot;background_background&quot;:&quot;classic&quot;}\">\n\t\t\t<div class=\"elementor-widget-wrap elementor-element-populated\">\n\t\t\t\t\t<div class=\"elementor-background-overlay\"><\/div>\n\t\t\t\t\t\t\t\t<div class=\"elementor-element elementor-element-ab92895 elementor-widget elementor-widget-spacer\" data-id=\"ab92895\" data-element_type=\"widget\" data-widget_type=\"spacer.default\">\n\t\t\t\t<div class=\"elementor-widget-container\">\n\t\t\t<style>\/*! elementor - v3.12.1 - 02-04-2023 *\/\n.elementor-column .elementor-spacer-inner{height:var(--spacer-size)}.e-con{--container-widget-width:100%}.e-con-inner>.elementor-widget-spacer,.e-con>.elementor-widget-spacer{width:var(--container-widget-width,var(--spacer-size));--align-self:var(--container-widget-align-self,initial);--flex-shrink:0}.e-con-inner>.elementor-widget-spacer>.elementor-widget-container,.e-con-inner>.elementor-widget-spacer>.elementor-widget-container>.elementor-spacer,.e-con>.elementor-widget-spacer>.elementor-widget-container,.e-con>.elementor-widget-spacer>.elementor-widget-container>.elementor-spacer{height:100%}.e-con-inner>.elementor-widget-spacer>.elementor-widget-container>.elementor-spacer>.elementor-spacer-inner,.e-con>.elementor-widget-spacer>.elementor-widget-container>.elementor-spacer>.elementor-spacer-inner{height:var(--container-widget-height,var(--spacer-size))}<\/style>\t\t<div class=\"elementor-spacer\">\n\t\t\t<div class=\"elementor-spacer-inner\"><\/div>\n\t\t<\/div>\n\t\t\t\t<\/div>\n\t\t\t\t<\/div>\n\t\t\t\t\t<\/div>\n\t\t<\/div>\n\t\t\t\t\t\t\t<\/div>\n\t\t<\/section>\n\t\t\t\t\t\t\t<\/div>","protected":false},"excerpt":{"rendered":"<p>Konsulting biznesowy i strategia Masz wiedz\u0119 i umiej\u0119tno\u015bci. Ale co\u015b nie gra \u2013 decyzje si\u0119 przeci\u0105gaj\u0105, chaos zjada plan, a Ty czujesz, \u017ce sta\u0107 Ci\u0119 na wi\u0119cej. W konsultingu: pomagam Ci nazwa\u0107, co naprawd\u0119 chcesz osi\u0105gn\u0105\u0107, tworzymy strategi\u0119 pod Twoj\u0105 [&hellip;]<\/p>","protected":false},"author":12,"featured_media":0,"parent":0,"menu_order":0,"comment_status":"closed","ping_status":"closed","template":"full-width.php","meta":{"inline_featured_image":false,"footnotes":""},"class_list":["post-6219","page","type-page","status-publish","hentry"],"_links":{"self":[{"href":"https:\/\/www.dominikwarmillo.pl\/uk\/wp-json\/wp\/v2\/pages\/6219"}],"collection":[{"href":"https:\/\/www.dominikwarmillo.pl\/uk\/wp-json\/wp\/v2\/pages"}],"about":[{"href":"https:\/\/www.dominikwarmillo.pl\/uk\/wp-json\/wp\/v2\/types\/page"}],"author":[{"embeddable":true,"href":"https:\/\/www.dominikwarmillo.pl\/uk\/wp-json\/wp\/v2\/users\/12"}],"replies":[{"embeddable":true,"href":"https:\/\/www.dominikwarmillo.pl\/uk\/wp-json\/wp\/v2\/comments?post=6219"}],"version-history":[{"count":38,"href":"https:\/\/www.dominikwarmillo.pl\/uk\/wp-json\/wp\/v2\/pages\/6219\/revisions"}],"predecessor-version":[{"id":6419,"href":"https:\/\/www.dominikwarmillo.pl\/uk\/wp-json\/wp\/v2\/pages\/6219\/revisions\/6419"}],"wp:attachment":[{"href":"https:\/\/www.dominikwarmillo.pl\/uk\/wp-json\/wp\/v2\/media?parent=6219"}],"curies":[{"name":"wp","href":"https:\/\/api.w.org\/{rel}","templated":true}]}}