{"id":5592,"date":"2023-05-11T18:07:56","date_gmt":"2023-05-11T18:07:56","guid":{"rendered":"https:\/\/www.dominikwarmillo.pl\/?page_id=5592"},"modified":"2024-12-27T14:27:30","modified_gmt":"2024-12-27T14:27:30","slug":"umow-sie","status":"publish","type":"page","link":"https:\/\/www.dominikwarmillo.pl\/uk\/umow-sie\/","title":{"rendered":"\u0417\u0443\u0441\u0442\u0440\u0456\u0447"},"content":{"rendered":"<div data-elementor-type=\"wp-page\" data-elementor-id=\"5592\" class=\"elementor elementor-5592\">\n\t\t\t\t\t\t\t\t\t<section class=\"elementor-section elementor-top-section elementor-element elementor-element-ac4544f elementor-section-boxed elementor-section-height-default elementor-section-height-default mkdf-parallax-row-no mkdf-content-aligment-left mkdf-elementor-row-grid-no mkdf-disabled-bg-image-bellow-no mkdf-row-btt-light\" data-id=\"ac4544f\" data-element_type=\"section\">\n\t\t\t\t\t\t<div class=\"elementor-container elementor-column-gap-default\">\n\t\t\t\t\t<div class=\"elementor-column elementor-col-100 elementor-top-column elementor-element elementor-element-a37cfc8\" data-id=\"a37cfc8\" data-element_type=\"column\">\n\t\t\t<div class=\"elementor-widget-wrap elementor-element-populated\">\n\t\t\t\t\t\t\t\t<div class=\"elementor-element elementor-element-9179e34 elementor-widget elementor-widget-stepbooking\" data-id=\"9179e34\" data-element_type=\"widget\" data-widget_type=\"stepbooking.default\">\n\t\t\t\t<div class=\"elementor-widget-container\">\n\t\t\t\n<script>\n  if (typeof hasAmeliaEntitiesApiCall === 'undefined' && '' === '') {\n    var hasAmeliaEntitiesApiCall = true;\n  }\n  var ameliaShortcodeData = (typeof ameliaShortcodeData === 'undefined') ? [] : ameliaShortcodeData;\n  ameliaShortcodeData.push(\n    {\n      'hasApiCall': (typeof hasAmeliaEntitiesApiCall !== 'undefined') && hasAmeliaEntitiesApiCall,\n      'trigger': '',\n      'trigger_type': '',\n      'show': '',\n      'counter': '1000',\n      'category': '1',\n      'service': '',\n      'employee': '',\n      'location': '',\n      'package': ''\n    }\n  );\n  var ameliaShortcodeDataTriggered = (typeof ameliaShortcodeDataTriggered === 'undefined') ? [] : ameliaShortcodeDataTriggered;\n  if (ameliaShortcodeData[ameliaShortcodeData.length - 1].trigger !== '') {\n    ameliaShortcodeDataTriggered.push(ameliaShortcodeData.pop());\n  }\n  if (typeof hasAmeliaEntitiesApiCall !== 'undefined' && hasAmeliaEntitiesApiCall) {\n    hasAmeliaEntitiesApiCall = false;\n  }\n<\/script>\n\n<div id=\"amelia-v2-booking-1000\"\n     class=\"amelia-v2-booking\"\n>\n  <step-form-wrapper><\/step-form-wrapper>\n<\/div>\n\t\t<\/div>\n\t\t\t\t<\/div>\n\t\t\t\t\t<\/div>\n\t\t<\/div>\n\t\t\t\t\t\t\t<\/div>\n\t\t<\/section>\n\t\t\t\t<section class=\"elementor-section elementor-top-section elementor-element elementor-element-5c03940 elementor-section-height-min-height elementor-section-boxed elementor-section-height-default elementor-section-items-middle mkdf-parallax-row-no mkdf-content-aligment-left mkdf-elementor-row-grid-no mkdf-disabled-bg-image-bellow-no mkdf-row-btt-light\" data-id=\"5c03940\" data-element_type=\"section\" data-settings=\"{&quot;background_background&quot;:&quot;classic&quot;}\">\n\t\t\t\t\t\t<div class=\"elementor-container elementor-column-gap-default\">\n\t\t\t\t\t<div class=\"elementor-column elementor-col-100 elementor-top-column elementor-element elementor-element-37fa41b\" data-id=\"37fa41b\" data-element_type=\"column\">\n\t\t\t<div class=\"elementor-widget-wrap\">\n\t\t\t\t\t\t\t\t\t<\/div>\n\t\t<\/div>\n\t\t\t\t\t\t\t<\/div>\n\t\t<\/section>\n\t\t\t\t<section class=\"elementor-section elementor-top-section elementor-element elementor-element-6a19c57 mkdf-elementor-row-grid-section elementor-section-boxed elementor-section-height-default elementor-section-height-default mkdf-parallax-row-no mkdf-content-aligment-left mkdf-disabled-bg-image-bellow-no mkdf-row-btt-light\" data-id=\"6a19c57\" data-element_type=\"section\">\n\t\t\t\t\t\t<div class=\"elementor-container elementor-column-gap-default\">\n\t\t\t\t\t<div class=\"elementor-column elementor-col-100 elementor-top-column elementor-element elementor-element-2de7cda\" data-id=\"2de7cda\" data-element_type=\"column\">\n\t\t\t<div class=\"elementor-widget-wrap elementor-element-populated\">\n\t\t\t\t\t\t\t\t<div class=\"elementor-element elementor-element-7f86167 elementor-widget elementor-widget-text-editor\" data-id=\"7f86167\" data-element_type=\"widget\" data-widget_type=\"text-editor.default\">\n\t\t\t\t<div class=\"elementor-widget-container\">\n\t\t\t<style>\/*! elementor - v3.12.1 - 02-04-2023 *\/\n.elementor-widget-text-editor.elementor-drop-cap-view-stacked .elementor-drop-cap{background-color:#69727d;color:#fff}.elementor-widget-text-editor.elementor-drop-cap-view-framed .elementor-drop-cap{color:#69727d;border:3px solid;background-color:transparent}.elementor-widget-text-editor:not(.elementor-drop-cap-view-default) .elementor-drop-cap{margin-top:8px}.elementor-widget-text-editor:not(.elementor-drop-cap-view-default) .elementor-drop-cap-letter{width:1em;height:1em}.elementor-widget-text-editor .elementor-drop-cap{float:left;text-align:center;line-height:1;font-size:50px}.elementor-widget-text-editor .elementor-drop-cap-letter{display:inline-block}<\/style>\t\t\t\t<h1>\u0414\u0443\u043c\u043a\u0438 \u043c\u043e\u0457\u0445 \u043a\u043b\u0456\u0454\u043d\u0442\u0456\u0432<\/h1>\t\t\t\t\t\t<\/div>\n\t\t\t\t<\/div>\n\t\t\t\t<div class=\"elementor-element elementor-element-c12067d elementor-arrows-yes elementor-pagination-type-bullets elementor-review--has-separator elementor--star-style-star_fontawesome elementor-widget elementor-widget-reviews\" data-id=\"c12067d\" data-element_type=\"widget\" data-settings=\"{&quot;slides_per_view&quot;:&quot;3&quot;,&quot;slides_to_scroll&quot;:&quot;1&quot;,&quot;show_arrows&quot;:&quot;yes&quot;,&quot;pagination&quot;:&quot;bullets&quot;,&quot;speed&quot;:500,&quot;autoplay&quot;:&quot;yes&quot;,&quot;autoplay_speed&quot;:5000,&quot;loop&quot;:&quot;yes&quot;,&quot;pause_on_hover&quot;:&quot;yes&quot;,&quot;pause_on_interaction&quot;:&quot;yes&quot;,&quot;space_between&quot;:{&quot;unit&quot;:&quot;px&quot;,&quot;size&quot;:10,&quot;sizes&quot;:[]},&quot;space_between_tablet&quot;:{&quot;unit&quot;:&quot;px&quot;,&quot;size&quot;:10,&quot;sizes&quot;:[]},&quot;space_between_mobile&quot;:{&quot;unit&quot;:&quot;px&quot;,&quot;size&quot;:10,&quot;sizes&quot;:[]}}\" data-widget_type=\"reviews.default\">\n\t\t\t\t<div class=\"elementor-widget-container\">\n\t\t\t<link rel=\"stylesheet\" href=\"https:\/\/www.dominikwarmillo.pl\/wp-content\/plugins\/elementor-pro\/assets\/css\/widget-carousel.min.css\">\t\t<div class=\"elementor-swiper\">\n\t\t\t<div class=\"elementor-main-swiper swiper\">\n\t\t\t\t<div class=\"swiper-wrapper\">\n\t\t\t\t\t\t\t\t\t\t\t<div class=\"swiper-slide\">\n\t\t\t\t\t\t\t\t\t<div class=\"elementor-testimonial elementor-repeater-item-0ec5bdd\">\n\t\t\t\t\t\t\t<div class=\"elementor-testimonial__header\">\n\t\t\t\t\t\t\t\t\t\t<cite class=\"elementor-testimonial__cite\"><span class=\"elementor-testimonial__name\">Monika<\/span><\/cite>\t\t\t\t\t<div class=\"elementor-testimonial__icon elementor-icon elementor-icon-\"><span class=\"elementor-screen-only\">Read More<\/span><\/div>\t\t\t\t<\/div>\n\t\t\t\t\t\t\t\t\t\t<div class=\"elementor-testimonial__content\">\n\t\t\t\t\t<div class=\"elementor-testimonial__text\">\n\t\t\t\t\t\t\u041e\u043d\u043b\u0430\u0439\u043d-\u0433\u0456\u0434\u0438 \u0437 \u0446\u0438\u043c \u0434\u0436\u0435\u043d\u0442\u043b\u044c\u043c\u0435\u043d\u043e\u043c \u043d\u0430\u0434\u0437\u0432\u0438\u0447\u0430\u0439\u043d\u043e \u0435\u0444\u0435\u043a\u0442\u0438\u0432\u043d\u0456! \u0419\u043e\u0433\u043e \u043f\u0456\u0434\u0445\u0456\u0434 \u0434\u043e \u0442\u0440\u0435\u043d\u0443\u0432\u0430\u043d\u044c \u0434\u0443\u0436\u0435 \u043f\u0440\u043e\u0444\u0435\u0441\u0456\u0439\u043d\u0438\u0439, \u0456 \u043a\u043e\u0436\u043d\u0430 \u0432\u043f\u0440\u0430\u0432\u0430 \u043f\u043b\u0430\u043d\u0443\u0454\u0442\u044c\u0441\u044f \u0432\u0456\u0434\u043f\u043e\u0432\u0456\u0434\u043d\u043e \u0434\u043e \u043c\u043e\u0457\u0445 \u0446\u0456\u043b\u0435\u0439 \u0456 \u043f\u043e\u0442\u0440\u0435\u0431.\t\t\t\t\t<\/div>\n\t\t\t\t<\/div>\n\t\t\t\t\t<\/div>\n\t\t\t\t\t\t\t\t<\/div>\n\t\t\t\t\t\t\t\t\t\t\t<div class=\"swiper-slide\">\n\t\t\t\t\t\t\t\t\t<div class=\"elementor-testimonial elementor-repeater-item-0301b7e\">\n\t\t\t\t\t\t\t<div class=\"elementor-testimonial__header\">\n\t\t\t\t\t\t\t\t\t\t<cite class=\"elementor-testimonial__cite\"><span class=\"elementor-testimonial__name\">Marcin<\/span><\/cite>\t\t\t\t\t<div class=\"elementor-testimonial__icon elementor-icon elementor-icon-\"><span class=\"elementor-screen-only\">Read More<\/span><\/div>\t\t\t\t<\/div>\n\t\t\t\t\t\t\t\t\t\t<div class=\"elementor-testimonial__content\">\n\t\t\t\t\t<div class=\"elementor-testimonial__text\">\n\t\t\t\t\t\t\u0417 \u0442\u0438\u0445 \u043f\u0456\u0440, \u044f\u043a \u044f \u0442\u0440\u0435\u043d\u0443\u044e\u0441\u044f \u0437 \u0414\u043e\u043c\u0456\u043d\u0456\u043a\u043e\u043c, \u044f \u043f\u043e\u043c\u0456\u0442\u0438\u0432 \u0437\u043d\u0430\u0447\u043d\u0456 \u043f\u043e\u043a\u0440\u0430\u0449\u0435\u043d\u043d\u044f \u0443 \u0441\u0432\u043e\u0457\u0439 \u0444\u0456\u0433\u0443\u0440\u0456. \u042f \u0434\u0456\u0437\u043d\u0430\u0432\u0441\u044f \u0431\u0430\u0433\u0430\u0442\u043e \u0446\u0456\u043a\u0430\u0432\u043e\u0433\u043e \u043f\u0440\u043e \u0445\u0430\u0440\u0447\u0443\u0432\u0430\u043d\u043d\u044f \u0456 \u0442\u0435\u043f\u0435\u0440 \u0437\u043d\u0430\u044e, \u0447\u043e\u043c\u0443 \u043c\u043e\u0457 \u043f\u043e\u043f\u0435\u0440\u0435\u0434\u043d\u0456 \u0442\u0440\u0435\u043d\u0443\u0432\u0430\u043d\u043d\u044f \u0431\u0443\u043b\u0438 \u043d\u0435\u0435\u0444\u0435\u043a\u0442\u0438\u0432\u043d\u0438\u043c\u0438.\t\t\t\t\t<\/div>\n\t\t\t\t<\/div>\n\t\t\t\t\t<\/div>\n\t\t\t\t\t\t\t\t<\/div>\n\t\t\t\t\t\t\t\t\t\t\t<div class=\"swiper-slide\">\n\t\t\t\t\t\t\t\t\t<div class=\"elementor-testimonial elementor-repeater-item-1e7afb8\">\n\t\t\t\t\t\t\t<div class=\"elementor-testimonial__header\">\n\t\t\t\t\t\t\t\t\t\t<cite class=\"elementor-testimonial__cite\"><span class=\"elementor-testimonial__name\">Dagmara<\/span><\/cite>\t\t\t\t\t<div class=\"elementor-testimonial__icon elementor-icon elementor-icon-\"><span class=\"elementor-screen-only\">Read More<\/span><\/div>\t\t\t\t<\/div>\n\t\t\t\t\t\t\t\t\t\t<div class=\"elementor-testimonial__content\">\n\t\t\t\t\t<div class=\"elementor-testimonial__text\">\n\t\t\t\t\t\t\u0422\u0440\u0435\u043d\u0435\u0440 \u0414\u043e\u043c\u0456\u043d\u0456\u043a \u0434\u0456\u0439\u0441\u043d\u043e \u0447\u0443\u0434\u043e\u0432\u0438\u0439 \u0432\u0438\u043a\u043b\u0430\u0434\u0430\u0447. \u0412\u0456\u043d \u0434\u0443\u0436\u0435 \u0434\u043e\u0431\u0440\u0435 \u043f\u043e\u044f\u0441\u043d\u044e\u0454, \u044f\u043a \u043f\u0440\u0430\u0432\u0438\u043b\u044c\u043d\u043e \u0432\u0438\u043a\u043e\u043d\u0443\u0432\u0430\u0442\u0438 \u0432\u043f\u0440\u0430\u0432\u0438, \u043f\u0456\u043a\u043b\u0443\u044e\u0447\u0438\u0441\u044c \u043f\u0440\u043e \u043c\u043e\u044e \u0431\u0435\u0437\u043f\u0435\u043a\u0443 \u0442\u0430 \u0443\u043d\u0438\u043a\u0430\u044e\u0447\u0438 \u0442\u0440\u0430\u0432\u043c. \u042f \u043f\u043e\u0447\u0443\u0432\u0430\u044e\u0441\u044f \u0437 \u043d\u0438\u043c \u043a\u043e\u043c\u0444\u043e\u0440\u0442\u043d\u043e \u0442\u0430 \u0432\u043f\u0435\u0432\u043d\u0435\u043d\u043e \u043d\u0430 \u043a\u043e\u0436\u043d\u043e\u043c\u0443 \u0442\u0440\u0435\u043d\u0443\u0432\u0430\u043d\u043d\u0456.\t\t\t\t\t<\/div>\n\t\t\t\t<\/div>\n\t\t\t\t\t<\/div>\n\t\t\t\t\t\t\t\t<\/div>\n\t\t\t\t\t\t\t\t\t\t\t<div class=\"swiper-slide\">\n\t\t\t\t\t\t\t\t\t<div class=\"elementor-testimonial elementor-repeater-item-0b690b3\">\n\t\t\t\t\t\t\t<div class=\"elementor-testimonial__header\">\n\t\t\t\t\t\t\t\t\t\t<cite class=\"elementor-testimonial__cite\"><span class=\"elementor-testimonial__name\">Pawe\u0142<\/span><\/cite>\t\t\t\t\t<div class=\"elementor-testimonial__icon elementor-icon elementor-icon-\"><span class=\"elementor-screen-only\">Read More<\/span><\/div>\t\t\t\t<\/div>\n\t\t\t\t\t\t\t\t\t\t<div class=\"elementor-testimonial__content\">\n\t\t\t\t\t<div class=\"elementor-testimonial__text\">\n\t\t\t\t\t\t\u0426\u0435 \u043f\u0435\u0440\u0448\u0438\u0439 \u0442\u0440\u0435\u043d\u0435\u0440, \u0437 \u044f\u043a\u0438\u043c \u044f \u0442\u0430\u043a \u0434\u043e\u0431\u0440\u0435 \u043f\u0440\u0430\u0446\u044e\u0432\u0430\u0432. \u0412\u0456\u043d \u0434\u0443\u0436\u0435 \u0433\u043d\u0443\u0447\u043a\u0438\u0439 \u0456 \u0437\u0430\u0432\u0436\u0434\u0438 \u043f\u0440\u0438\u0441\u0442\u043e\u0441\u043e\u0432\u0443\u0454 \u0441\u0432\u043e\u0457 \u0433\u043e\u0434\u0438\u043d\u0438 \u0434\u043e \u043c\u043e\u0433\u043e \u0440\u043e\u0437\u043a\u043b\u0430\u0434\u0443. \u0417\u0430\u0432\u0434\u044f\u043a\u0438 \u0446\u044c\u043e\u043c\u0443 \u043c\u0435\u043d\u0456 \u043d\u0435 \u0434\u043e\u0432\u043e\u0434\u0438\u0442\u044c\u0441\u044f \u043a\u0438\u0434\u0430\u0442\u0438 \u043d\u0430\u0432\u0447\u0430\u043d\u043d\u044f \u0447\u0435\u0440\u0435\u0437 \u0440\u043e\u0431\u043e\u0442\u0443 \u0447\u0438 \u043d\u0430\u0432\u0447\u0430\u043b\u044c\u043d\u0456 \u0437\u0430\u043d\u044f\u0442\u0442\u044f. \u042f \u0434\u0443\u0436\u0435 \u0437\u0430\u0434\u043e\u0432\u043e\u043b\u0435\u043d\u0438\u0439 \u044f\u043a\u0456\u0441\u0442\u044e \u043f\u043e\u0441\u043b\u0443\u0433, \u044f\u043a\u0456 \u0432\u0456\u043d \u043f\u0440\u043e\u043f\u043e\u043d\u0443\u0454, \u0456 \u043e\u0434\u043d\u043e\u0437\u043d\u0430\u0447\u043d\u043e \u0440\u0435\u043a\u043e\u043c\u0435\u043d\u0434\u0443\u044e \u0439\u043e\u0433\u043e \u0432\u0441\u0456\u043c, \u0445\u0442\u043e \u0448\u0443\u043a\u0430\u0454 \u043f\u0440\u043e\u0444\u0435\u0441\u0456\u0439\u043d\u043e\u0433\u043e \u0442\u0430 \u0435\u0444\u0435\u043a\u0442\u0438\u0432\u043d\u043e\u0433\u043e \u043f\u0435\u0440\u0441\u043e\u043d\u0430\u043b\u044c\u043d\u043e\u0433\u043e \u0442\u0440\u0435\u043d\u0435\u0440\u0430.\t\t\t\t\t<\/div>\n\t\t\t\t<\/div>\n\t\t\t\t\t<\/div>\n\t\t\t\t\t\t\t\t<\/div>\n\t\t\t\t\t\t\t\t\t\t\t<div class=\"swiper-slide\">\n\t\t\t\t\t\t\t\t\t<div class=\"elementor-testimonial elementor-repeater-item-f595d57\">\n\t\t\t\t\t\t\t<div class=\"elementor-testimonial__header\">\n\t\t\t\t\t\t\t\t\t\t<cite class=\"elementor-testimonial__cite\"><span class=\"elementor-testimonial__name\">Karol<\/span><\/cite>\t\t\t\t\t<div class=\"elementor-testimonial__icon elementor-icon elementor-icon-\"><span class=\"elementor-screen-only\">Read More<\/span><\/div>\t\t\t\t<\/div>\n\t\t\t\t\t\t\t\t\t\t<div class=\"elementor-testimonial__content\">\n\t\t\t\t\t<div class=\"elementor-testimonial__text\">\n\t\t\t\t\t\t\u041d\u0430\u0440\u0435\u0448\u0442\u0456 \u044f \u0437\u043d\u0430\u0439\u0448\u043e\u0432 \u043b\u044e\u0434\u0438\u043d\u0443, \u044f\u043a\u0430 \u043c\u043e\u0436\u0435 \u043c\u043e\u0442\u0438\u0432\u0443\u0432\u0430\u0442\u0438 \u043c\u0435\u043d\u0435 \u0456 \u0440\u043e\u0431\u0438\u0442\u044c \u0443\u0441\u0435, \u0449\u043e\u0431 \u0434\u043e\u043f\u043e\u043c\u043e\u0433\u0442\u0438 \u043c\u0435\u043d\u0456 \u0434\u043e\u0441\u044f\u0433\u0442\u0438 \u043c\u043e\u0457\u0445 \u0446\u0456\u043b\u0435\u0439. \u0423 \u043d\u0435\u0457 \u0431\u0430\u0433\u0430\u0442\u043e \u0442\u0435\u0440\u043f\u0456\u043d\u043d\u044f, \u0456 \u0432\u0456\u0434 \u043d\u0435\u0457 \u0437\u0430\u0432\u0436\u0434\u0438 \u043c\u043e\u0436\u043d\u0430 \u0432\u0456\u0434\u0447\u0443\u0442\u0438 \u043f\u043e\u0437\u0438\u0442\u0438\u0432\u043d\u0443 \u0435\u043d\u0435\u0440\u0433\u0456\u044e. \u041e\u0434\u043d\u043e\u0437\u043d\u0430\u0447\u043d\u043e \u0440\u0435\u043a\u043e\u043c\u0435\u043d\u0434\u0443\u044e.\t\t\t\t\t<\/div>\n\t\t\t\t<\/div>\n\t\t\t\t\t<\/div>\n\t\t\t\t\t\t\t\t<\/div>\n\t\t\t\t\t\t\t\t\t\t\t<div class=\"swiper-slide\">\n\t\t\t\t\t\t\t\t\t<div class=\"elementor-testimonial elementor-repeater-item-ef330dd\">\n\t\t\t\t\t\t\t<div class=\"elementor-testimonial__header\">\n\t\t\t\t\t\t\t\t\t\t<cite class=\"elementor-testimonial__cite\"><span class=\"elementor-testimonial__name\">Ania<\/span><\/cite>\t\t\t\t\t<div class=\"elementor-testimonial__icon elementor-icon elementor-icon-\"><span class=\"elementor-screen-only\">Read More<\/span><\/div>\t\t\t\t<\/div>\n\t\t\t\t\t\t\t\t\t\t<div class=\"elementor-testimonial__content\">\n\t\t\t\t\t<div class=\"elementor-testimonial__text\">\n\t\t\t\t\t\t\u0414\u0443\u0436\u0435 \u0456\u043d\u0434\u0438\u0432\u0456\u0434\u0443\u0430\u043b\u044c\u043d\u0438\u0439 \u0442\u0430 \u043f\u0440\u043e\u0444\u0435\u0441\u0456\u0439\u043d\u0438\u0439 \u043f\u0456\u0434\u0445\u0456\u0434 \u0434\u043e \u043a\u043b\u0456\u0454\u043d\u0442\u0456\u0432. \u0429\u0438\u0440\u043e \u0440\u0435\u043a\u043e\u043c\u0435\u043d\u0434\u0443\u044e!\t\t\t\t\t<\/div>\n\t\t\t\t<\/div>\n\t\t\t\t\t<\/div>\n\t\t\t\t\t\t\t\t<\/div>\n\t\t\t\t\t\t\t\t\t\t\t<div class=\"swiper-slide\">\n\t\t\t\t\t\t\t\t\t<div class=\"elementor-testimonial elementor-repeater-item-bd0a758\">\n\t\t\t\t\t\t\t<div class=\"elementor-testimonial__header\">\n\t\t\t\t\t\t\t\t\t\t<cite class=\"elementor-testimonial__cite\"><span class=\"elementor-testimonial__name\">Weronika<\/span><\/cite>\t\t\t\t\t<div class=\"elementor-testimonial__icon elementor-icon elementor-icon-\"><span class=\"elementor-screen-only\">Read More<\/span><\/div>\t\t\t\t<\/div>\n\t\t\t\t\t\t\t\t\t\t<div class=\"elementor-testimonial__content\">\n\t\t\t\t\t<div class=\"elementor-testimonial__text\">\n\t\t\t\t\t\t \u0425\u043e\u0440\u043e\u0448\u0438\u0439 \u043f\u043b\u0430\u043d \u0442\u0440\u0435\u043d\u0443\u0432\u0430\u043d\u044c, \u0432\u0441\u0435 \u0433\u0430\u0440\u043d\u043e \u043e\u043f\u0438\u0441\u0430\u043d\u043e, \u043d\u0430 \u0431\u0443\u0434\u044c-\u044f\u043a\u0456 \u0437\u0430\u043f\u0438\u0442\u0430\u043d\u043d\u044f \u0432\u0456\u0434\u043f\u043e\u0432\u0456\u0434\u044c \u043e\u0434\u0440\u0430\u0437\u0443. \u041a\u0440\u0443\u0442\u043e!\t\t\t\t\t<\/div>\n\t\t\t\t<\/div>\n\t\t\t\t\t<\/div>\n\t\t\t\t\t\t\t\t<\/div>\n\t\t\t\t\t\t\t\t\t\t\t<div class=\"swiper-slide\">\n\t\t\t\t\t\t\t\t\t<div class=\"elementor-testimonial elementor-repeater-item-9e37703\">\n\t\t\t\t\t\t\t<div class=\"elementor-testimonial__header\">\n\t\t\t\t\t\t\t\t\t\t<cite class=\"elementor-testimonial__cite\"><span class=\"elementor-testimonial__name\">Wojtek<\/span><\/cite>\t\t\t\t\t<div class=\"elementor-testimonial__icon elementor-icon elementor-icon-\"><span class=\"elementor-screen-only\">Read More<\/span><\/div>\t\t\t\t<\/div>\n\t\t\t\t\t\t\t\t\t\t<div class=\"elementor-testimonial__content\">\n\t\t\t\t\t<div class=\"elementor-testimonial__text\">\n\t\t\t\t\t\t\u041a\u043e\u043b\u0438 \u044f \u0441\u043f\u043e\u0447\u0430\u0442\u043a\u0443 \u043d\u0435 \u0437\u043d\u0430\u043b\u0430, \u0437 \u0447\u043e\u0433\u043e \u043f\u043e\u0447\u0430\u0442\u0438 \u0441\u0432\u043e\u044e \u043f\u0440\u0438\u0433\u043e\u0434\u0443 \u0437 \u0442\u0440\u0435\u043d\u0430\u0436\u0435\u0440\u043d\u0438\u043c \u0437\u0430\u043b\u043e\u043c, \u0414\u043e\u043c\u0456\u043d\u0456\u043a \u043c\u0435\u043d\u0456 \u0432\u0441\u0435 \u0440\u043e\u0437\u043f\u043e\u0432\u0456\u0432, \u043f\u0440\u043e\u0456\u043d\u0441\u0442\u0440\u0443\u043a\u0442\u0443\u0432\u0430\u0432 \u0456 \u0442\u0435\u043f\u0435\u0440 \u044f \u043d\u0435 \u0431\u043e\u044e\u0441\u044f, \u0449\u043e \u0440\u043e\u0431\u043b\u044e \u0449\u043e\u0441\u044c \u043d\u0435 \u0442\u0430\u043a \ud83d\ude0c\t\t\t\t\t<\/div>\n\t\t\t\t<\/div>\n\t\t\t\t\t<\/div>\n\t\t\t\t\t\t\t\t<\/div>\n\t\t\t\t\t\t\t\t\t\t\t<div class=\"swiper-slide\">\n\t\t\t\t\t\t\t\t\t<div class=\"elementor-testimonial elementor-repeater-item-9276be1\">\n\t\t\t\t\t\t\t<div class=\"elementor-testimonial__header\">\n\t\t\t\t\t\t\t\t\t\t<cite class=\"elementor-testimonial__cite\"><span class=\"elementor-testimonial__name\">Artur<\/span><\/cite>\t\t\t\t\t<div class=\"elementor-testimonial__icon elementor-icon elementor-icon-\"><span class=\"elementor-screen-only\">Read More<\/span><\/div>\t\t\t\t<\/div>\n\t\t\t\t\t\t\t\t\t\t<div class=\"elementor-testimonial__content\">\n\t\t\t\t\t<div class=\"elementor-testimonial__text\">\n\t\t\t\t\t\t \u0417 \u0441\u0430\u043c\u043e\u0433\u043e \u043f\u043e\u0447\u0430\u0442\u043a\u0443 \u0447\u0456\u0442\u043a\u0456 \u0446\u0456\u043b\u0456 \u0442\u0430 \u043f\u043b\u0430\u043d, \u0431\u0435\u0437 \u0437\u0430\u0439\u0432\u043e\u0433\u043e \u0442\u044f\u0433\u0430\u043d\u043d\u044f. \u0422\u0435, \u0449\u043e \u044f \u0448\u0443\u043a\u0430\u0432  \ud83d\ude03\t\t\t\t\t<\/div>\n\t\t\t\t<\/div>\n\t\t\t\t\t<\/div>\n\t\t\t\t\t\t\t\t<\/div>\n\t\t\t\t\t\t\t\t\t\t\t<div class=\"swiper-slide\">\n\t\t\t\t\t\t\t\t\t<div class=\"elementor-testimonial elementor-repeater-item-3e2d304\">\n\t\t\t\t\t\t\t<div class=\"elementor-testimonial__header\">\n\t\t\t\t\t\t\t\t\t\t<cite class=\"elementor-testimonial__cite\"><span class=\"elementor-testimonial__name\">Bartek<\/span><\/cite>\t\t\t\t\t<div class=\"elementor-testimonial__icon elementor-icon elementor-icon-\"><span class=\"elementor-screen-only\">Read More<\/span><\/div>\t\t\t\t<\/div>\n\t\t\t\t\t\t\t\t\t\t<div class=\"elementor-testimonial__content\">\n\t\t\t\t\t<div class=\"elementor-testimonial__text\">\n\t\t\t\t\t\t\u042f \u0434\u0443\u0436\u0435 \u0437\u0430\u0434\u043e\u0432\u043e\u043b\u0435\u043d\u0438\u0439 - \u043c\u0435\u043d\u0456 \u0431\u0443\u043b\u043e \u043f\u043e\u0442\u0440\u0456\u0431\u043d\u043e \u0449\u043e\u0441\u044c \u0442\u0430\u043a\u0435 (\u043d\u0430\u043f\u0440\u044f\u043c\u043e\u043a \u0432\u043f\u0440\u0430\u0432, \u0434\u0435\u0449\u043e \u0437\u043d\u0430\u0432, \u0430\u043b\u0435 \u043f\u043e\u0442\u0440\u0435\u0431\u0443\u0432\u0430\u043b\u043e \u0448\u043b\u0456\u0444\u0443\u0432\u0430\u043d\u043d\u044f)\t\t\t\t\t<\/div>\n\t\t\t\t<\/div>\n\t\t\t\t\t<\/div>\n\t\t\t\t\t\t\t\t<\/div>\n\t\t\t\t\t\t\t\t\t<\/div>\n\t\t\t\t\t\t\t\t\t\t\t\t\t\t\t<div class=\"swiper-pagination\"><\/div>\n\t\t\t\t\t\t\t\t\t\t\t\t\t\t\t\t<div class=\"elementor-swiper-button elementor-swiper-button-prev\">\n\t\t\t\t\t\t\t<i aria-hidden=\"true\" class=\"eicon-chevron-left\"><\/i>\t\t\t\t\t\t\t<span class=\"elementor-screen-only\">Previous<\/span>\n\t\t\t\t\t\t<\/div>\n\t\t\t\t\t\t<div class=\"elementor-swiper-button elementor-swiper-button-next\">\n\t\t\t\t\t\t\t<i aria-hidden=\"true\" class=\"eicon-chevron-right\"><\/i>\t\t\t\t\t\t\t<span class=\"elementor-screen-only\">Next<\/span>\n\t\t\t\t\t\t<\/div>\n\t\t\t\t\t\t\t\t\t\t\t\t<\/div>\n\t\t<\/div>\n\t\t\t\t<\/div>\n\t\t\t\t<\/div>\n\t\t\t\t\t<\/div>\n\t\t<\/div>\n\t\t\t\t\t\t\t<\/div>\n\t\t<\/section>\n\t\t\t\t<section class=\"elementor-section elementor-top-section elementor-element elementor-element-40a07db elementor-section-height-min-height elementor-section-boxed elementor-section-height-default elementor-section-items-middle mkdf-parallax-row-no mkdf-content-aligment-left mkdf-elementor-row-grid-no mkdf-disabled-bg-image-bellow-no mkdf-row-btt-light\" data-id=\"40a07db\" data-element_type=\"section\" data-settings=\"{&quot;background_background&quot;:&quot;classic&quot;}\">\n\t\t\t\t\t\t<div class=\"elementor-container elementor-column-gap-default\">\n\t\t\t\t\t<div class=\"elementor-column elementor-col-100 elementor-top-column elementor-element elementor-element-0d19a3f\" data-id=\"0d19a3f\" data-element_type=\"column\">\n\t\t\t<div class=\"elementor-widget-wrap\">\n\t\t\t\t\t\t\t\t\t<\/div>\n\t\t<\/div>\n\t\t\t\t\t\t\t<\/div>\n\t\t<\/section>\n\t\t\t\t<section class=\"elementor-section elementor-top-section elementor-element elementor-element-416d6de mkdf-content-aligment-center mkdf-elementor-row-grid-section mkdf-instagram-label-bottom-row elementor-section-boxed elementor-section-height-default elementor-section-height-default mkdf-parallax-row-no mkdf-disabled-bg-image-bellow-no mkdf-row-btt-light\" data-id=\"416d6de\" data-element_type=\"section\" data-settings=\"{&quot;background_background&quot;:&quot;classic&quot;}\">\n\t\t\t\t\t\t<div class=\"elementor-container elementor-column-gap-default\">\n\t\t\t\t\t<div class=\"elementor-column elementor-col-100 elementor-top-column elementor-element elementor-element-33571b9\" data-id=\"33571b9\" data-element_type=\"column\">\n\t\t\t<div class=\"elementor-widget-wrap elementor-element-populated\">\n\t\t\t\t\t\t\t\t<div class=\"elementor-element elementor-element-a44cbda elementor-widget elementor-widget-mkdf_icon_with_text\" data-id=\"a44cbda\" data-element_type=\"widget\" data-widget_type=\"mkdf_icon_with_text.default\">\n\t\t\t\t<div class=\"elementor-widget-container\">\n\t\t\t<div class=\"mkdf-iwt clearfix  mkdf-iwt-icon-left mkdf-iwt-icon-small\">\n\t<div class=\"mkdf-iwt-icon\">\n\t\t\t\t\t<a itemprop=\"url\" href=\"https:\/\/www.instagram.com\/dominik.warmillo\/\" target=\"_self\" rel=\"noopener\">\n\t\t\t\t\t\t\t\t\t    <span class=\"mkdf-icon-shortcode mkdf-normal   mkdf-icon-small\"  data-color=\"#FFFFFF\">\n                    <i class=\"mkdf-icon-ion-icon ion-social-instagram mkdf-icon-element\" style=\"color: #FFFFFF\" ><\/i>            <\/span>\n\t\t\t\t\t\t\t\t<\/a>\n\t\t\t<\/div>\n\t<div class=\"mkdf-iwt-content\" >\n\t\t\t\t\t<h6 class=\"mkdf-iwt-title\" style=\"color: #FFFFFF;margin-top: 10px\">\n\t\t\t\t\t\t\t\t\t<a itemprop=\"url\" href=\"https:\/\/www.instagram.com\/dominik.warmillo\/\" target=\"_self\" rel=\"noopener\">\n\t\t\t\t\t\t\t\t<span class=\"mkdf-iwt-title-text\">\u0412\u0406\u0414\u0412\u0406\u0414\u0410\u0422\u0418 \u041c\u0406\u0419 INSTAGRAM <\/span>\n\t\t\t\t\t\t\t\t\t<\/a>\n\t\t\t\t\t\t\t<\/h6>\n\t\t\t\t\t<\/div>\n<\/div>\t\t<\/div>\n\t\t\t\t<\/div>\n\t\t\t\t\t<\/div>\n\t\t<\/div>\n\t\t\t\t\t\t\t<\/div>\n\t\t<\/section>\n\t\t\t\t\t\t\t<\/div>","protected":false},"excerpt":{"rendered":"<p>Opinie moich klient\u00f3w Monika Read More Prowadzenie online z tym panem jest niezwykle skuteczne! Jego podej\u015bcie do treningu jest bardzo profesjonalne, a ka\u017cde \u0107wiczenie jest zaplanowane zgodnie z moimi celami i potrzebami. Marcin Read More Od kiedy trenuje z dominikiem [&hellip;]<\/p>","protected":false},"author":12,"featured_media":0,"parent":0,"menu_order":0,"comment_status":"closed","ping_status":"closed","template":"full-width.php","meta":{"inline_featured_image":false,"footnotes":""},"class_list":["post-5592","page","type-page","status-publish","hentry"],"_links":{"self":[{"href":"https:\/\/www.dominikwarmillo.pl\/uk\/wp-json\/wp\/v2\/pages\/5592"}],"collection":[{"href":"https:\/\/www.dominikwarmillo.pl\/uk\/wp-json\/wp\/v2\/pages"}],"about":[{"href":"https:\/\/www.dominikwarmillo.pl\/uk\/wp-json\/wp\/v2\/types\/page"}],"author":[{"embeddable":true,"href":"https:\/\/www.dominikwarmillo.pl\/uk\/wp-json\/wp\/v2\/users\/12"}],"replies":[{"embeddable":true,"href":"https:\/\/www.dominikwarmillo.pl\/uk\/wp-json\/wp\/v2\/comments?post=5592"}],"version-history":[{"count":12,"href":"https:\/\/www.dominikwarmillo.pl\/uk\/wp-json\/wp\/v2\/pages\/5592\/revisions"}],"predecessor-version":[{"id":6026,"href":"https:\/\/www.dominikwarmillo.pl\/uk\/wp-json\/wp\/v2\/pages\/5592\/revisions\/6026"}],"wp:attachment":[{"href":"https:\/\/www.dominikwarmillo.pl\/uk\/wp-json\/wp\/v2\/media?parent=5592"}],"curies":[{"name":"wp","href":"https:\/\/api.w.org\/{rel}","templated":true}]}}