{"id":6448,"date":"2025-06-03T22:56:04","date_gmt":"2025-06-03T22:56:04","guid":{"rendered":"https:\/\/www.dominikwarmillo.pl\/?post_type=product&#038;p=6448"},"modified":"2025-06-03T23:18:42","modified_gmt":"2025-06-03T23:18:42","slug":"proste-makro-przewodnik-makroskladniki","status":"publish","type":"product","link":"https:\/\/www.dominikwarmillo.pl\/en\/product\/proste-makro-przewodnik-makroskladniki\/","title":{"rendered":"PROSTE MAKRO"},"content":{"rendered":"<p>Tw\u00f3j codzienny przewodnik po makrosk\u0142adnikach<\/p>\n<p>Makrosk\u0142adniki nie musz\u0105 by\u0107 trudne.<br \/>\nW tym ebooku dowiesz si\u0119:<\/p>\n<ul>\n<li>czym s\u0105 bia\u0142ka, t\u0142uszcze i w\u0119glowodany,<\/li>\n<li>jak je liczy\u0107 i z czego je czerpa\u0107,<\/li>\n<li>jak sk\u0142ada\u0107 proste i zbilansowane posi\u0142ki,<\/li>\n<li>jak dopasowa\u0107 jedzenie do stylu \u017cycia i cel\u00f3w.<\/li>\n<\/ul>\n<p>Bez dietetycznego \u017cargonu, za to z konkretn\u0105 wiedz\u0105 i przyk\u0142adami do zastosowania od zaraz.<\/p>\n<p>\ud83d\udc49 Chcesz je\u015b\u0107 m\u0105drzej i bez stresu? Ten ebook jest dla Ciebie.<\/p>","protected":false},"excerpt":{"rendered":"<p>Tw\u00f3j codzienny przewodnik po makrosk\u0142adnikach Makrosk\u0142adniki nie musz\u0105 by\u0107 trudne. W tym ebooku dowiesz si\u0119: czym s\u0105 bia\u0142ka, t\u0142uszcze i w\u0119glowodany, jak je liczy\u0107 i z czego je czerpa\u0107, jak sk\u0142ada\u0107 proste i zbilansowane posi\u0142ki, jak dopasowa\u0107 jedzenie do stylu [&hellip;]<\/p>","protected":false},"featured_media":6445,"comment_status":"open","ping_status":"closed","template":"","meta":{"inline_featured_image":false},"product_cat":[106],"product_tag":[],"class_list":["post-6448","product","type-product","status-publish","has-post-thumbnail","hentry","product_cat-ebooki"],"_links":{"self":[{"href":"https:\/\/www.dominikwarmillo.pl\/en\/wp-json\/wp\/v3\/product\/6448"}],"collection":[{"href":"https:\/\/www.dominikwarmillo.pl\/en\/wp-json\/wp\/v3\/product"}],"about":[{"href":"https:\/\/www.dominikwarmillo.pl\/en\/wp-json\/wp\/v2\/types\/product"}],"replies":[{"embeddable":true,"href":"https:\/\/www.dominikwarmillo.pl\/en\/wp-json\/wp\/v2\/comments?post=6448"}],"version-history":[{"count":1,"href":"https:\/\/www.dominikwarmillo.pl\/en\/wp-json\/wp\/v3\/product\/6448\/revisions"}],"predecessor-version":[{"id":6451,"href":"https:\/\/www.dominikwarmillo.pl\/en\/wp-json\/wp\/v3\/product\/6448\/revisions\/6451"}],"wp:featuredmedia":[{"embeddable":true,"href":"https:\/\/www.dominikwarmillo.pl\/en\/wp-json\/wp\/v2\/media\/6445"}],"wp:attachment":[{"href":"https:\/\/www.dominikwarmillo.pl\/en\/wp-json\/wp\/v2\/media?parent=6448"}],"wp:term":[{"taxonomy":"product_cat","embeddable":true,"href":"https:\/\/www.dominikwarmillo.pl\/en\/wp-json\/wp\/v2\/product_cat?post=6448"},{"taxonomy":"product_tag","embeddable":true,"href":"https:\/\/www.dominikwarmillo.pl\/en\/wp-json\/wp\/v2\/product_tag?post=6448"}],"curies":[{"name":"wp","href":"https:\/\/api.w.org\/{rel}","templated":true}]}}