{"id":6277,"date":"2025-02-13T09:11:43","date_gmt":"2025-02-13T09:11:43","guid":{"rendered":"https:\/\/www.dominikwarmillo.pl\/?post_type=product&#038;p=6277"},"modified":"2025-02-13T09:20:22","modified_gmt":"2025-02-13T09:20:22","slug":"pokonaj-swoj-lek-zacznij-dzialac","status":"publish","type":"product","link":"https:\/\/www.dominikwarmillo.pl\/en\/product\/pokonaj-swoj-lek-zacznij-dzialac\/","title":{"rendered":"POKONAJ W KO\u0143CU SW\u00d3J L\u0118K I ZACZNIJ DZIA\u0141A\u0106"},"content":{"rendered":"<p>Pokonaj w ko\u0144cu sw\u00f3j l\u0119k i zacznij dzia\u0142a\u0107 \u2013 ebook, kt\u00f3ry pomo\u017ce Ci przej\u0105\u0107 kontrol\u0119 nad swoim \u017cyciem! Czy ci\u0105gle odk\u0142adasz marzenia na p\u00f3\u017aniej, bo strach nie pozwala Ci ruszy\u0107 z miejsca? Masz do\u015b\u0107 \u017cycia w cieniu l\u0119ku, kt\u00f3ry blokuje Ci\u0119 przed dzia\u0142aniem? Ten ebook jest dla Ciebie! Dowiesz si\u0119, jak:<\/p>\n<ul>\n<li>Zrozumie\u0107 swoje l\u0119ki i znale\u017a\u0107 ich \u017ar\u00f3d\u0142o<\/li>\n<li>Przeprogramowa\u0107 sw\u00f3j umys\u0142 na odwag\u0119 i pewno\u015b\u0107 siebie<\/li>\n<li>Pokona\u0107 obawy przed pora\u017ck\u0105, ocen\u0105 innych czy zmianami<\/li>\n<li>Skutecznie dzia\u0142a\u0107, nawet gdy pojawia si\u0119 strach<\/li>\n<\/ul>\n<p>Nie musisz d\u0142u\u017cej \u017cy\u0107 w pu\u0142apce w\u0142asnych obaw. Si\u0119gnij po sprawdzone strategie i techniki, kt\u00f3re pomog\u0142y ju\u017c tysi\u0105com ludzi odzyska\u0107 kontrol\u0119 nad swoim \u017cyciem. Teraz jest Tw\u00f3j czas \u2013 pokonaj l\u0119k i zacznij dzia\u0142a\u0107!<\/p>","protected":false},"excerpt":{"rendered":"<p>Pokonaj w ko\u0144cu sw\u00f3j l\u0119k i zacznij dzia\u0142a\u0107 \u2013 ebook, kt\u00f3ry pomo\u017ce Ci przej\u0105\u0107 kontrol\u0119 nad swoim \u017cyciem! Czy ci\u0105gle odk\u0142adasz marzenia na p\u00f3\u017aniej, bo strach nie pozwala Ci ruszy\u0107 z miejsca? Masz do\u015b\u0107 \u017cycia w cieniu l\u0119ku, kt\u00f3ry blokuje [&hellip;]<\/p>","protected":false},"featured_media":6276,"comment_status":"open","ping_status":"closed","template":"","meta":{"inline_featured_image":false},"product_cat":[106],"product_tag":[],"class_list":["post-6277","product","type-product","status-publish","has-post-thumbnail","hentry","product_cat-ebooki"],"_links":{"self":[{"href":"https:\/\/www.dominikwarmillo.pl\/en\/wp-json\/wp\/v3\/product\/6277"}],"collection":[{"href":"https:\/\/www.dominikwarmillo.pl\/en\/wp-json\/wp\/v3\/product"}],"about":[{"href":"https:\/\/www.dominikwarmillo.pl\/en\/wp-json\/wp\/v2\/types\/product"}],"replies":[{"embeddable":true,"href":"https:\/\/www.dominikwarmillo.pl\/en\/wp-json\/wp\/v2\/comments?post=6277"}],"version-history":[{"count":1,"href":"https:\/\/www.dominikwarmillo.pl\/en\/wp-json\/wp\/v3\/product\/6277\/revisions"}],"predecessor-version":[{"id":6278,"href":"https:\/\/www.dominikwarmillo.pl\/en\/wp-json\/wp\/v3\/product\/6277\/revisions\/6278"}],"wp:featuredmedia":[{"embeddable":true,"href":"https:\/\/www.dominikwarmillo.pl\/en\/wp-json\/wp\/v2\/media\/6276"}],"wp:attachment":[{"href":"https:\/\/www.dominikwarmillo.pl\/en\/wp-json\/wp\/v2\/media?parent=6277"}],"wp:term":[{"taxonomy":"product_cat","embeddable":true,"href":"https:\/\/www.dominikwarmillo.pl\/en\/wp-json\/wp\/v2\/product_cat?post=6277"},{"taxonomy":"product_tag","embeddable":true,"href":"https:\/\/www.dominikwarmillo.pl\/en\/wp-json\/wp\/v2\/product_tag?post=6277"}],"curies":[{"name":"wp","href":"https:\/\/api.w.org\/{rel}","templated":true}]}}