{"id":6271,"date":"2025-02-13T08:43:47","date_gmt":"2025-02-13T08:43:47","guid":{"rendered":"https:\/\/www.dominikwarmillo.pl\/?post_type=product&#038;p=6271"},"modified":"2025-02-13T11:28:39","modified_gmt":"2025-02-13T11:28:39","slug":"jak-skutecznie-ustalac-cele-unikac-wypalenia","status":"publish","type":"product","link":"https:\/\/www.dominikwarmillo.pl\/en\/product\/jak-skutecznie-ustalac-cele-unikac-wypalenia\/","title":{"rendered":"JAK SKUTECZNIE USTALA\u0106 CELE I UNIKA\u0106 WYPALENIA?"},"content":{"rendered":"<p>Jak skutecznie ustali\u0107 cele i unika\u0107 wypalenia \u2013 ebook, kt\u00f3ry pomo\u017ce Ci osi\u0105gn\u0105\u0107 wi\u0119cej, bez stresu i frustracji! Masz wra\u017cenie, \u017ce stawiasz sobie cele, ale nigdy ich nie realizujesz? A mo\u017ce p\u0119dzisz do przodu, ale brakuje Ci energii i motywacji? Kluczem do sukcesu jest nie tylko skuteczne planowanie, ale tak\u017ce unikanie wypalenia. W tym ebooku dowiesz si\u0119:<\/p>\n<ul>\n<li>Jak wyznacza\u0107 cele, kt\u00f3re naprawd\u0119 maj\u0105 sens<\/li>\n<li>Jak unika\u0107 typowych b\u0142\u0119d\u00f3w w planowaniu i realizacji<\/li>\n<li>Jak znale\u017a\u0107 balans mi\u0119dzy ambicj\u0105 a odpoczynkiem<\/li>\n<\/ul>\n<p>Jak utrzyma\u0107 motywacj\u0119 i unikn\u0105\u0107 wypalenia zawodowego Poznasz sprawdzone strategie, kt\u00f3re pomog\u0105 Ci osi\u0105ga\u0107 swoje cele bez ci\u0105g\u0142ego stresu i zm\u0119czenia. Przesta\u0144 odk\u0142ada\u0107 swoje marzenia \u2013 zacznij dzia\u0142a\u0107 m\u0105drze i efektywnie! Zaplanuj sukces bez wypalenia \u2013 ten ebook poka\u017ce Ci, jak to zrobi\u0107!<\/p>","protected":false},"excerpt":{"rendered":"<p>Jak skutecznie ustali\u0107 cele i unika\u0107 wypalenia \u2013 ebook, kt\u00f3ry pomo\u017ce Ci osi\u0105gn\u0105\u0107 wi\u0119cej, bez stresu i frustracji! Masz wra\u017cenie, \u017ce stawiasz sobie cele, ale nigdy ich nie realizujesz? A mo\u017ce p\u0119dzisz do przodu, ale brakuje Ci energii i motywacji? [&hellip;]<\/p>","protected":false},"featured_media":6272,"comment_status":"open","ping_status":"closed","template":"","meta":{"inline_featured_image":false},"product_cat":[106],"product_tag":[],"class_list":["post-6271","product","type-product","status-publish","has-post-thumbnail","hentry","product_cat-ebooki"],"_links":{"self":[{"href":"https:\/\/www.dominikwarmillo.pl\/en\/wp-json\/wp\/v3\/product\/6271"}],"collection":[{"href":"https:\/\/www.dominikwarmillo.pl\/en\/wp-json\/wp\/v3\/product"}],"about":[{"href":"https:\/\/www.dominikwarmillo.pl\/en\/wp-json\/wp\/v2\/types\/product"}],"replies":[{"embeddable":true,"href":"https:\/\/www.dominikwarmillo.pl\/en\/wp-json\/wp\/v2\/comments?post=6271"}],"version-history":[{"count":1,"href":"https:\/\/www.dominikwarmillo.pl\/en\/wp-json\/wp\/v3\/product\/6271\/revisions"}],"predecessor-version":[{"id":6274,"href":"https:\/\/www.dominikwarmillo.pl\/en\/wp-json\/wp\/v3\/product\/6271\/revisions\/6274"}],"wp:featuredmedia":[{"embeddable":true,"href":"https:\/\/www.dominikwarmillo.pl\/en\/wp-json\/wp\/v2\/media\/6272"}],"wp:attachment":[{"href":"https:\/\/www.dominikwarmillo.pl\/en\/wp-json\/wp\/v2\/media?parent=6271"}],"wp:term":[{"taxonomy":"product_cat","embeddable":true,"href":"https:\/\/www.dominikwarmillo.pl\/en\/wp-json\/wp\/v2\/product_cat?post=6271"},{"taxonomy":"product_tag","embeddable":true,"href":"https:\/\/www.dominikwarmillo.pl\/en\/wp-json\/wp\/v2\/product_tag?post=6271"}],"curies":[{"name":"wp","href":"https:\/\/api.w.org\/{rel}","templated":true}]}}