{"id":6202,"date":"2025-01-10T22:02:12","date_gmt":"2025-01-10T22:02:12","guid":{"rendered":"https:\/\/www.dominikwarmillo.pl\/mystaging01\/?post_type=product&#038;p=6202"},"modified":"2025-02-13T11:28:18","modified_gmt":"2025-02-13T11:28:18","slug":"plan-treningowy-w-domu","status":"publish","type":"product","link":"https:\/\/www.dominikwarmillo.pl\/en\/product\/plan-treningowy-w-domu\/","title":{"rendered":"7-DNIOWY PLAN TRENINGOWY W DOMU"},"content":{"rendered":"<p>7-dniowy plan treningowy w domu \u2013 \u0107wiczenia bez sprz\u0119tu<\/p>\n<p>Odkryj skuteczny spos\u00f3b na popraw\u0119 kondycji i si\u0142y w zaciszu w\u0142asnego domu. Ten e-book to kompleksowy 7-dniowy plan treningowy stworzony przez Dominika Warmi\u0142\u0142o, znanego jako \u201ePsycho.Trener\u201d. Program jest idealny dla ka\u017cdego \u2013 niezale\u017cnie od poziomu zaawansowania \u2013 poniewa\u017c do jego realizacji nie potrzebujesz \u017cadnego sprz\u0119tu.<\/p>\n<p>E-book zawiera nie tylko szczeg\u00f3\u0142owo rozpisany plan \u0107wicze\u0144, ale r\u00f3wnie\u017c wprowadzenie do zasad og\u00f3lnych treningowych. Dowiesz si\u0119, jak prawid\u0142owo przygotowa\u0107 si\u0119 do trening\u00f3w, na co zwr\u00f3ci\u0107 uwag\u0119 w trakcie \u0107wicze\u0144 oraz jak unika\u0107 najcz\u0119\u015bciej pope\u0142nianych b\u0142\u0119d\u00f3w. To solidne fundamenty, kt\u00f3re pozwol\u0105 Ci trenowa\u0107 efektywnie i bezpiecznie.<\/p>\n<p>Ka\u017cde \u0107wiczenie zosta\u0142o starannie dobrane, aby\u015b m\u00f3g\u0142 efektywnie pracowa\u0107 nad swoim cia\u0142em, wykorzystuj\u0105c jedynie mas\u0119 w\u0142asnego cia\u0142a. To doskona\u0142e rozwi\u0105zanie dla os\u00f3b, kt\u00f3re chc\u0105 trenowa\u0107 w domu, oszcz\u0119dzaj\u0105c czas i pieni\u0105dze, ale jednocze\u015bnie osi\u0105gaj\u0105c wymierne efekty.<\/p>\n<p>Zacznij swoj\u0105 przygod\u0119 z treningami ju\u017c dzi\u015b i przekonaj si\u0119, \u017ce nawet tydzie\u0144 mo\u017ce przynie\u015b\u0107 znacz\u0105c\u0105 r\u00f3\u017cnic\u0119. Pobierz e-book i wejd\u017a na wy\u017cszy poziom aktywno\u015bci fizycznej!<\/p>","protected":false},"excerpt":{"rendered":"<p>7-dniowy plan treningowy w domu \u2013 \u0107wiczenia bez sprz\u0119tu Odkryj skuteczny spos\u00f3b na popraw\u0119 kondycji i si\u0142y w zaciszu w\u0142asnego domu. Ten e-book to kompleksowy 7-dniowy plan treningowy stworzony przez Dominika Warmi\u0142\u0142o, znanego jako \u201ePsycho.Trener\u201d. Program jest idealny dla ka\u017cdego [&hellip;]<\/p>","protected":false},"featured_media":6241,"comment_status":"open","ping_status":"closed","template":"","meta":{"inline_featured_image":false},"product_cat":[106],"product_tag":[],"class_list":["post-6202","product","type-product","status-publish","has-post-thumbnail","hentry","product_cat-ebooki"],"_links":{"self":[{"href":"https:\/\/www.dominikwarmillo.pl\/en\/wp-json\/wp\/v3\/product\/6202"}],"collection":[{"href":"https:\/\/www.dominikwarmillo.pl\/en\/wp-json\/wp\/v3\/product"}],"about":[{"href":"https:\/\/www.dominikwarmillo.pl\/en\/wp-json\/wp\/v2\/types\/product"}],"replies":[{"embeddable":true,"href":"https:\/\/www.dominikwarmillo.pl\/en\/wp-json\/wp\/v2\/comments?post=6202"}],"version-history":[{"count":3,"href":"https:\/\/www.dominikwarmillo.pl\/en\/wp-json\/wp\/v3\/product\/6202\/revisions"}],"predecessor-version":[{"id":6243,"href":"https:\/\/www.dominikwarmillo.pl\/en\/wp-json\/wp\/v3\/product\/6202\/revisions\/6243"}],"wp:featuredmedia":[{"embeddable":true,"href":"https:\/\/www.dominikwarmillo.pl\/en\/wp-json\/wp\/v2\/media\/6241"}],"wp:attachment":[{"href":"https:\/\/www.dominikwarmillo.pl\/en\/wp-json\/wp\/v2\/media?parent=6202"}],"wp:term":[{"taxonomy":"product_cat","embeddable":true,"href":"https:\/\/www.dominikwarmillo.pl\/en\/wp-json\/wp\/v2\/product_cat?post=6202"},{"taxonomy":"product_tag","embeddable":true,"href":"https:\/\/www.dominikwarmillo.pl\/en\/wp-json\/wp\/v2\/product_tag?post=6202"}],"curies":[{"name":"wp","href":"https:\/\/api.w.org\/{rel}","templated":true}]}}