{"id":6188,"date":"2025-01-10T22:07:25","date_gmt":"2025-01-10T22:07:25","guid":{"rendered":"https:\/\/www.dominikwarmillo.pl\/mystaging01\/?page_id=6188"},"modified":"2025-06-03T23:19:46","modified_gmt":"2025-06-03T23:19:46","slug":"ebooki","status":"publish","type":"page","link":"https:\/\/www.dominikwarmillo.pl\/en\/sklep\/ebooki\/","title":{"rendered":"Ebooki"},"content":{"rendered":"<div data-elementor-type=\"wp-page\" data-elementor-id=\"6188\" class=\"elementor elementor-6188\">\n\t\t\t\t\t\t\t\t\t<section class=\"elementor-section elementor-top-section elementor-element elementor-element-12fec2f elementor-section-boxed elementor-section-height-default elementor-section-height-default mkdf-parallax-row-no mkdf-content-aligment-left mkdf-elementor-row-grid-no mkdf-disabled-bg-image-bellow-no mkdf-row-btt-light\" data-id=\"12fec2f\" data-element_type=\"section\">\n\t\t\t\t\t\t<div class=\"elementor-container elementor-column-gap-default\">\n\t\t\t\t\t<div class=\"elementor-column elementor-col-100 elementor-top-column elementor-element elementor-element-0da8b41\" data-id=\"0da8b41\" data-element_type=\"column\">\n\t\t\t<div class=\"elementor-widget-wrap elementor-element-populated\">\n\t\t\t\t\t\t\t\t<div class=\"elementor-element elementor-element-a1facc9 elementor-widget elementor-widget-mkdf_product_list\" data-id=\"a1facc9\" data-element_type=\"widget\" data-widget_type=\"mkdf_product_list.default\">\n\t\t\t\t<div class=\"elementor-widget-container\">\n\t\t\t<div class=\"mkdf-pl-holder mkdf-grid-list mkdf-disable-bottom-space mkdf-standard-layout mkdf-three-columns mkdf-normal-space mkdf-info-below-image\">\n\t<div class=\"mkdf-pl-outer mkdf-outer-space\">\n\t\t<div class=\"mkdf-pli mkdf-item-space\">\n\t<div class=\"mkdf-pli-inner\">\n\t\t<div class=\"mkdf-pli-image\">\n\t\t\t\t<span class=\"mkdf-pli-onsale\">Sale<\/span>\n\n<img decoding=\"async\" width=\"512\" height=\"800\" src=\"https:\/\/www.dominikwarmillo.pl\/wp-content\/uploads\/2025\/01\/ebook1front.webp\" class=\"attachment-full size-full wp-post-image\" alt=\"\" srcset=\"https:\/\/www.dominikwarmillo.pl\/wp-content\/uploads\/2025\/01\/ebook1front.webp 512w, https:\/\/www.dominikwarmillo.pl\/wp-content\/uploads\/2025\/01\/ebook1front-192x300.webp 192w, https:\/\/www.dominikwarmillo.pl\/wp-content\/uploads\/2025\/01\/ebook1front-8x12.webp 8w\" sizes=\"(max-width: 512px) 100vw, 512px\" \/>\t\t<\/div>\n\t\t<div class=\"mkdf-pli-text\" >\n\t\t\t<div class=\"mkdf-pli-text-outer\">\n\t\t\t\t<div class=\"mkdf-pli-text-inner\">\n\t\t\t\t\t\t\n\t<div class=\"mkdf-pli-add-to-cart mkdf-default-skin\">\n\t\t<a rel=\"nofollow\" href=\"?add-to-cart=6202\" data-quantity=\"1\" data-product_id=\"6202\" data-product_sku=\"\" class=\"button add_to_cart_button ajax_add_to_cart mkdf-button\"><span class=\"mkdf-icon-linea-icon icon-ecommerce-basket-download mkdf-icon-element\"><\/span><\/a>\t<\/div>\n\t\t\t\t<\/div>\n\t\t\t<\/div>\n\t\t<\/div>\n\t\t<a class=\"mkdf-pli-link\" itemprop=\"url\" href=\"https:\/\/www.dominikwarmillo.pl\/en\/product\/plan-treningowy-w-domu\/\" title=\"7-DNIOWY PLAN TRENINGOWY W DOMU\"><\/a>\n\t<\/div>\n\t<div class=\"mkdf-pli-text-wrapper\" style=\"text-align: center\">\n\t\t    <h5 itemprop=\"name\" class=\"entry-title mkdf-pli-title\" >\n\t\t<a itemprop=\"url\" href=\"https:\/\/www.dominikwarmillo.pl\/en\/product\/plan-treningowy-w-domu\/\">7-DNIOWY PLAN TRENINGOWY W DOMU<\/a>\n\t<\/h5>\n\t\t\n\t\t\t\t\n\t\t\t\t\n\t\t\t\t\n\t\t\t<div class=\"mkdf-pli-price\"><del aria-hidden=\"true\"><span class=\"woocommerce-Price-amount amount\">49,00&nbsp;<span class=\"woocommerce-Price-currencySymbol\">&#122;&#322;<\/span><\/span><\/del> <ins><span class=\"woocommerce-Price-amount amount\">0,00&nbsp;<span class=\"woocommerce-Price-currencySymbol\">&#122;&#322;<\/span><\/span><\/ins><\/div>\n\t<\/div>\n<\/div><div class=\"mkdf-pli mkdf-item-space\">\n\t<div class=\"mkdf-pli-inner\">\n\t\t<div class=\"mkdf-pli-image\">\n\t\t\t\t<span class=\"mkdf-pli-onsale\">Sale<\/span>\n\n<img decoding=\"async\" width=\"512\" height=\"800\" src=\"https:\/\/www.dominikwarmillo.pl\/wp-content\/uploads\/2025\/01\/ebook2front.webp\" class=\"attachment-full size-full wp-post-image\" alt=\"\" srcset=\"https:\/\/www.dominikwarmillo.pl\/wp-content\/uploads\/2025\/01\/ebook2front.webp 512w, https:\/\/www.dominikwarmillo.pl\/wp-content\/uploads\/2025\/01\/ebook2front-192x300.webp 192w, https:\/\/www.dominikwarmillo.pl\/wp-content\/uploads\/2025\/01\/ebook2front-8x12.webp 8w\" sizes=\"(max-width: 512px) 100vw, 512px\" \/>\t\t<\/div>\n\t\t<div class=\"mkdf-pli-text\" >\n\t\t\t<div class=\"mkdf-pli-text-outer\">\n\t\t\t\t<div class=\"mkdf-pli-text-inner\">\n\t\t\t\t\t\t\n\t<div class=\"mkdf-pli-add-to-cart mkdf-default-skin\">\n\t\t<a rel=\"nofollow\" href=\"?add-to-cart=6245\" data-quantity=\"1\" data-product_id=\"6245\" data-product_sku=\"\" class=\"button add_to_cart_button ajax_add_to_cart mkdf-button\"><span class=\"mkdf-icon-linea-icon icon-ecommerce-basket-download mkdf-icon-element\"><\/span><\/a>\t<\/div>\n\t\t\t\t<\/div>\n\t\t\t<\/div>\n\t\t<\/div>\n\t\t<a class=\"mkdf-pli-link\" itemprop=\"url\" href=\"https:\/\/www.dominikwarmillo.pl\/en\/product\/przepisy-dla-osob-aktywnych-fizycznie\/\" title=\"10 PROSTYCH PRZEPIS\u00d3W DLA OS\u00d3B AKTYWNYCH FIZYCZNIE\"><\/a>\n\t<\/div>\n\t<div class=\"mkdf-pli-text-wrapper\" style=\"text-align: center\">\n\t\t    <h5 itemprop=\"name\" class=\"entry-title mkdf-pli-title\" >\n\t\t<a itemprop=\"url\" href=\"https:\/\/www.dominikwarmillo.pl\/en\/product\/przepisy-dla-osob-aktywnych-fizycznie\/\">10 PROSTYCH PRZEPIS\u00d3W DLA OS\u00d3B AKTYWNYCH FIZYCZNIE<\/a>\n\t<\/h5>\n\t\t\n\t\t\t\t\n\t\t\t\t\n\t\t\t\t\n\t\t\t<div class=\"mkdf-pli-price\"><del aria-hidden=\"true\"><span class=\"woocommerce-Price-amount amount\">49,00&nbsp;<span class=\"woocommerce-Price-currencySymbol\">&#122;&#322;<\/span><\/span><\/del> <ins><span class=\"woocommerce-Price-amount amount\">0,00&nbsp;<span class=\"woocommerce-Price-currencySymbol\">&#122;&#322;<\/span><\/span><\/ins><\/div>\n\t<\/div>\n<\/div><div class=\"mkdf-pli mkdf-item-space\">\n\t<div class=\"mkdf-pli-inner\">\n\t\t<div class=\"mkdf-pli-image\">\n\t\t\t\t<span class=\"mkdf-pli-onsale\">Sale<\/span>\n\n<img decoding=\"async\" width=\"512\" height=\"800\" src=\"https:\/\/www.dominikwarmillo.pl\/wp-content\/uploads\/2025\/02\/1.webp\" class=\"attachment-full size-full wp-post-image\" alt=\"\" srcset=\"https:\/\/www.dominikwarmillo.pl\/wp-content\/uploads\/2025\/02\/1.webp 512w, https:\/\/www.dominikwarmillo.pl\/wp-content\/uploads\/2025\/02\/1-192x300.webp 192w, https:\/\/www.dominikwarmillo.pl\/wp-content\/uploads\/2025\/02\/1-8x12.webp 8w\" sizes=\"(max-width: 512px) 100vw, 512px\" \/>\t\t<\/div>\n\t\t<div class=\"mkdf-pli-text\" >\n\t\t\t<div class=\"mkdf-pli-text-outer\">\n\t\t\t\t<div class=\"mkdf-pli-text-inner\">\n\t\t\t\t\t\t\n\t<div class=\"mkdf-pli-add-to-cart mkdf-default-skin\">\n\t\t<a rel=\"nofollow\" href=\"?add-to-cart=6271\" data-quantity=\"1\" data-product_id=\"6271\" data-product_sku=\"\" class=\"button add_to_cart_button ajax_add_to_cart mkdf-button\"><span class=\"mkdf-icon-linea-icon icon-ecommerce-basket-download mkdf-icon-element\"><\/span><\/a>\t<\/div>\n\t\t\t\t<\/div>\n\t\t\t<\/div>\n\t\t<\/div>\n\t\t<a class=\"mkdf-pli-link\" itemprop=\"url\" href=\"https:\/\/www.dominikwarmillo.pl\/en\/product\/jak-skutecznie-ustalac-cele-unikac-wypalenia\/\" title=\"JAK SKUTECZNIE USTALA\u0106 CELE I UNIKA\u0106 WYPALENIA?\"><\/a>\n\t<\/div>\n\t<div class=\"mkdf-pli-text-wrapper\" style=\"text-align: center\">\n\t\t    <h5 itemprop=\"name\" class=\"entry-title mkdf-pli-title\" >\n\t\t<a itemprop=\"url\" href=\"https:\/\/www.dominikwarmillo.pl\/en\/product\/jak-skutecznie-ustalac-cele-unikac-wypalenia\/\">JAK SKUTECZNIE USTALA\u0106 CELE I UNIKA\u0106 WYPALENIA?<\/a>\n\t<\/h5>\n\t\t\n\t\t\t\t\n\t\t\t\t\n\t\t\t\t\n\t\t\t<div class=\"mkdf-pli-price\"><del aria-hidden=\"true\"><span class=\"woocommerce-Price-amount amount\">49,00&nbsp;<span class=\"woocommerce-Price-currencySymbol\">&#122;&#322;<\/span><\/span><\/del> <ins><span class=\"woocommerce-Price-amount amount\">0,00&nbsp;<span class=\"woocommerce-Price-currencySymbol\">&#122;&#322;<\/span><\/span><\/ins><\/div>\n\t<\/div>\n<\/div><div class=\"mkdf-pli mkdf-item-space\">\n\t<div class=\"mkdf-pli-inner\">\n\t\t<div class=\"mkdf-pli-image\">\n\t\t\t\n<img decoding=\"async\" width=\"1500\" height=\"2250\" src=\"https:\/\/www.dominikwarmillo.pl\/wp-content\/uploads\/2025\/02\/POKONAJ-W-KONCU-SWOJ-LEK-I-ZACZNIJ-DZIALAC.zip-1.webp\" class=\"attachment-full size-full wp-post-image\" alt=\"\" srcset=\"https:\/\/www.dominikwarmillo.pl\/wp-content\/uploads\/2025\/02\/POKONAJ-W-KONCU-SWOJ-LEK-I-ZACZNIJ-DZIALAC.zip-1.webp 1500w, https:\/\/www.dominikwarmillo.pl\/wp-content\/uploads\/2025\/02\/POKONAJ-W-KONCU-SWOJ-LEK-I-ZACZNIJ-DZIALAC.zip-1-200x300.webp 200w, https:\/\/www.dominikwarmillo.pl\/wp-content\/uploads\/2025\/02\/POKONAJ-W-KONCU-SWOJ-LEK-I-ZACZNIJ-DZIALAC.zip-1-683x1024.webp 683w, https:\/\/www.dominikwarmillo.pl\/wp-content\/uploads\/2025\/02\/POKONAJ-W-KONCU-SWOJ-LEK-I-ZACZNIJ-DZIALAC.zip-1-768x1152.webp 768w, https:\/\/www.dominikwarmillo.pl\/wp-content\/uploads\/2025\/02\/POKONAJ-W-KONCU-SWOJ-LEK-I-ZACZNIJ-DZIALAC.zip-1-1024x1536.webp 1024w, https:\/\/www.dominikwarmillo.pl\/wp-content\/uploads\/2025\/02\/POKONAJ-W-KONCU-SWOJ-LEK-I-ZACZNIJ-DZIALAC.zip-1-1365x2048.webp 1365w, https:\/\/www.dominikwarmillo.pl\/wp-content\/uploads\/2025\/02\/POKONAJ-W-KONCU-SWOJ-LEK-I-ZACZNIJ-DZIALAC.zip-1-8x12.webp 8w, https:\/\/www.dominikwarmillo.pl\/wp-content\/uploads\/2025\/02\/POKONAJ-W-KONCU-SWOJ-LEK-I-ZACZNIJ-DZIALAC.zip-1-600x900.webp 600w\" sizes=\"(max-width: 1500px) 100vw, 1500px\" \/>\t\t<\/div>\n\t\t<div class=\"mkdf-pli-text\" >\n\t\t\t<div class=\"mkdf-pli-text-outer\">\n\t\t\t\t<div class=\"mkdf-pli-text-inner\">\n\t\t\t\t\t\t\n\t<div class=\"mkdf-pli-add-to-cart mkdf-default-skin\">\n\t\t<a rel=\"nofollow\" href=\"?add-to-cart=6277\" data-quantity=\"1\" data-product_id=\"6277\" data-product_sku=\"\" class=\"button add_to_cart_button ajax_add_to_cart mkdf-button\"><span class=\"mkdf-icon-linea-icon icon-ecommerce-basket-download mkdf-icon-element\"><\/span><\/a>\t<\/div>\n\t\t\t\t<\/div>\n\t\t\t<\/div>\n\t\t<\/div>\n\t\t<a class=\"mkdf-pli-link\" itemprop=\"url\" href=\"https:\/\/www.dominikwarmillo.pl\/en\/product\/pokonaj-swoj-lek-zacznij-dzialac\/\" title=\"POKONAJ W KO\u0143CU SW\u00d3J L\u0118K I ZACZNIJ DZIA\u0141A\u0106\"><\/a>\n\t<\/div>\n\t<div class=\"mkdf-pli-text-wrapper\" style=\"text-align: center\">\n\t\t    <h5 itemprop=\"name\" class=\"entry-title mkdf-pli-title\" >\n\t\t<a itemprop=\"url\" href=\"https:\/\/www.dominikwarmillo.pl\/en\/product\/pokonaj-swoj-lek-zacznij-dzialac\/\">POKONAJ W KO\u0143CU SW\u00d3J L\u0118K I ZACZNIJ DZIA\u0141A\u0106<\/a>\n\t<\/h5>\n\t\t\n\t\t\t\t\n\t\t\t\t\n\t\t\t\t\n\t\t\t<div class=\"mkdf-pli-price\"><span class=\"woocommerce-Price-amount amount\">49,00&nbsp;<span class=\"woocommerce-Price-currencySymbol\">&#122;&#322;<\/span><\/span><\/div>\n\t<\/div>\n<\/div><div class=\"mkdf-pli mkdf-item-space\">\n\t<div class=\"mkdf-pli-inner\">\n\t\t<div class=\"mkdf-pli-image\">\n\t\t\t\n<img decoding=\"async\" width=\"683\" height=\"1024\" src=\"https:\/\/www.dominikwarmillo.pl\/wp-content\/uploads\/2025\/02\/1-5.webp\" class=\"attachment-full size-full wp-post-image\" alt=\"\" srcset=\"https:\/\/www.dominikwarmillo.pl\/wp-content\/uploads\/2025\/02\/1-5.webp 683w, https:\/\/www.dominikwarmillo.pl\/wp-content\/uploads\/2025\/02\/1-5-200x300.webp 200w, https:\/\/www.dominikwarmillo.pl\/wp-content\/uploads\/2025\/02\/1-5-8x12.webp 8w, https:\/\/www.dominikwarmillo.pl\/wp-content\/uploads\/2025\/02\/1-5-600x900.webp 600w\" sizes=\"(max-width: 683px) 100vw, 683px\" \/>\t\t<\/div>\n\t\t<div class=\"mkdf-pli-text\" >\n\t\t\t<div class=\"mkdf-pli-text-outer\">\n\t\t\t\t<div class=\"mkdf-pli-text-inner\">\n\t\t\t\t\t\t\n\t<div class=\"mkdf-pli-add-to-cart mkdf-default-skin\">\n\t\t<a rel=\"nofollow\" href=\"?add-to-cart=6284\" data-quantity=\"1\" data-product_id=\"6284\" data-product_sku=\"\" class=\"button add_to_cart_button ajax_add_to_cart mkdf-button\"><span class=\"mkdf-icon-linea-icon icon-ecommerce-basket-download mkdf-icon-element\"><\/span><\/a>\t<\/div>\n\t\t\t\t<\/div>\n\t\t\t<\/div>\n\t\t<\/div>\n\t\t<a class=\"mkdf-pli-link\" itemprop=\"url\" href=\"https:\/\/www.dominikwarmillo.pl\/en\/product\/zelazna-pewnosc-siebie\/\" title=\"\u017bELAZNA PEWNO\u015a\u0106 SIEBIE\"><\/a>\n\t<\/div>\n\t<div class=\"mkdf-pli-text-wrapper\" style=\"text-align: center\">\n\t\t    <h5 itemprop=\"name\" class=\"entry-title mkdf-pli-title\" >\n\t\t<a itemprop=\"url\" href=\"https:\/\/www.dominikwarmillo.pl\/en\/product\/zelazna-pewnosc-siebie\/\">\u017bELAZNA PEWNO\u015a\u0106 SIEBIE<\/a>\n\t<\/h5>\n\t\t\n\t\t\t\t\n\t\t\t\t\n\t\t\t\t\n\t\t\t<div class=\"mkdf-pli-price\"><span class=\"woocommerce-Price-amount amount\">49,00&nbsp;<span class=\"woocommerce-Price-currencySymbol\">&#122;&#322;<\/span><\/span><\/div>\n\t<\/div>\n<\/div><div class=\"mkdf-pli mkdf-item-space\">\n\t<div class=\"mkdf-pli-inner\">\n\t\t<div class=\"mkdf-pli-image\">\n\t\t\t\n<img decoding=\"async\" width=\"1500\" height=\"2250\" src=\"https:\/\/www.dominikwarmillo.pl\/wp-content\/uploads\/2025\/02\/1-2.webp\" class=\"attachment-full size-full wp-post-image\" alt=\"\" srcset=\"https:\/\/www.dominikwarmillo.pl\/wp-content\/uploads\/2025\/02\/1-2.webp 1500w, https:\/\/www.dominikwarmillo.pl\/wp-content\/uploads\/2025\/02\/1-2-200x300.webp 200w, https:\/\/www.dominikwarmillo.pl\/wp-content\/uploads\/2025\/02\/1-2-683x1024.webp 683w, https:\/\/www.dominikwarmillo.pl\/wp-content\/uploads\/2025\/02\/1-2-768x1152.webp 768w, https:\/\/www.dominikwarmillo.pl\/wp-content\/uploads\/2025\/02\/1-2-1024x1536.webp 1024w, https:\/\/www.dominikwarmillo.pl\/wp-content\/uploads\/2025\/02\/1-2-1365x2048.webp 1365w, https:\/\/www.dominikwarmillo.pl\/wp-content\/uploads\/2025\/02\/1-2-8x12.webp 8w, https:\/\/www.dominikwarmillo.pl\/wp-content\/uploads\/2025\/02\/1-2-600x900.webp 600w\" sizes=\"(max-width: 1500px) 100vw, 1500px\" \/>\t\t<\/div>\n\t\t<div class=\"mkdf-pli-text\" >\n\t\t\t<div class=\"mkdf-pli-text-outer\">\n\t\t\t\t<div class=\"mkdf-pli-text-inner\">\n\t\t\t\t\t\t\n\t<div class=\"mkdf-pli-add-to-cart mkdf-default-skin\">\n\t\t<a rel=\"nofollow\" href=\"?add-to-cart=6288\" data-quantity=\"1\" data-product_id=\"6288\" data-product_sku=\"\" class=\"button add_to_cart_button ajax_add_to_cart mkdf-button\"><span class=\"mkdf-icon-linea-icon icon-ecommerce-basket-download mkdf-icon-element\"><\/span><\/a>\t<\/div>\n\t\t\t\t<\/div>\n\t\t\t<\/div>\n\t\t<\/div>\n\t\t<a class=\"mkdf-pli-link\" itemprop=\"url\" href=\"https:\/\/www.dominikwarmillo.pl\/en\/product\/trening-fbw-dla-kobiet-mezczyzn-kompleksowy-przewodnik\/\" title=\"TRENING FBW DLA KOBIET I M\u0118\u017bCZYZN KOMPLEKSOWY PRZEWODNIK\"><\/a>\n\t<\/div>\n\t<div class=\"mkdf-pli-text-wrapper\" style=\"text-align: center\">\n\t\t    <h5 itemprop=\"name\" class=\"entry-title mkdf-pli-title\" >\n\t\t<a itemprop=\"url\" href=\"https:\/\/www.dominikwarmillo.pl\/en\/product\/trening-fbw-dla-kobiet-mezczyzn-kompleksowy-przewodnik\/\">TRENING FBW DLA KOBIET I M\u0118\u017bCZYZN KOMPLEKSOWY PRZEWODNIK<\/a>\n\t<\/h5>\n\t\t\n\t\t\t\t\n\t\t\t\t\n\t\t\t\t\n\t\t\t<div class=\"mkdf-pli-price\"><span class=\"woocommerce-Price-amount amount\">49,00&nbsp;<span class=\"woocommerce-Price-currencySymbol\">&#122;&#322;<\/span><\/span><\/div>\n\t<\/div>\n<\/div><div class=\"mkdf-pli mkdf-item-space\">\n\t<div class=\"mkdf-pli-inner\">\n\t\t<div class=\"mkdf-pli-image\">\n\t\t\t\n<img decoding=\"async\" width=\"1500\" height=\"2250\" src=\"https:\/\/www.dominikwarmillo.pl\/wp-content\/uploads\/2025\/02\/1-3.webp\" class=\"attachment-full size-full wp-post-image\" alt=\"\" srcset=\"https:\/\/www.dominikwarmillo.pl\/wp-content\/uploads\/2025\/02\/1-3.webp 1500w, https:\/\/www.dominikwarmillo.pl\/wp-content\/uploads\/2025\/02\/1-3-200x300.webp 200w, https:\/\/www.dominikwarmillo.pl\/wp-content\/uploads\/2025\/02\/1-3-683x1024.webp 683w, https:\/\/www.dominikwarmillo.pl\/wp-content\/uploads\/2025\/02\/1-3-768x1152.webp 768w, https:\/\/www.dominikwarmillo.pl\/wp-content\/uploads\/2025\/02\/1-3-1024x1536.webp 1024w, https:\/\/www.dominikwarmillo.pl\/wp-content\/uploads\/2025\/02\/1-3-1365x2048.webp 1365w, https:\/\/www.dominikwarmillo.pl\/wp-content\/uploads\/2025\/02\/1-3-8x12.webp 8w, https:\/\/www.dominikwarmillo.pl\/wp-content\/uploads\/2025\/02\/1-3-600x900.webp 600w\" sizes=\"(max-width: 1500px) 100vw, 1500px\" \/>\t\t<\/div>\n\t\t<div class=\"mkdf-pli-text\" >\n\t\t\t<div class=\"mkdf-pli-text-outer\">\n\t\t\t\t<div class=\"mkdf-pli-text-inner\">\n\t\t\t\t\t\t\n\t<div class=\"mkdf-pli-add-to-cart mkdf-default-skin\">\n\t\t<a rel=\"nofollow\" href=\"?add-to-cart=6293\" data-quantity=\"1\" data-product_id=\"6293\" data-product_sku=\"\" class=\"button add_to_cart_button ajax_add_to_cart mkdf-button\"><span class=\"mkdf-icon-linea-icon icon-ecommerce-basket-download mkdf-icon-element\"><\/span><\/a>\t<\/div>\n\t\t\t\t<\/div>\n\t\t\t<\/div>\n\t\t<\/div>\n\t\t<a class=\"mkdf-pli-link\" itemprop=\"url\" href=\"https:\/\/www.dominikwarmillo.pl\/en\/product\/trening-upper-lower-dla-kobiet-mezczyzn\/\" title=\"TRENING UPPER\/LOWER DLA KOBIET I M\u0118\u017bCZYZN\"><\/a>\n\t<\/div>\n\t<div class=\"mkdf-pli-text-wrapper\" style=\"text-align: center\">\n\t\t    <h5 itemprop=\"name\" class=\"entry-title mkdf-pli-title\" >\n\t\t<a itemprop=\"url\" href=\"https:\/\/www.dominikwarmillo.pl\/en\/product\/trening-upper-lower-dla-kobiet-mezczyzn\/\">TRENING UPPER\/LOWER DLA KOBIET I M\u0118\u017bCZYZN<\/a>\n\t<\/h5>\n\t\t\n\t\t\t\t\n\t\t\t\t\n\t\t\t\t\n\t\t\t<div class=\"mkdf-pli-price\"><span class=\"woocommerce-Price-amount amount\">49,00&nbsp;<span class=\"woocommerce-Price-currencySymbol\">&#122;&#322;<\/span><\/span><\/div>\n\t<\/div>\n<\/div><div class=\"mkdf-pli mkdf-item-space\">\n\t<div class=\"mkdf-pli-inner\">\n\t\t<div class=\"mkdf-pli-image\">\n\t\t\t\n<img decoding=\"async\" width=\"1241\" height=\"1755\" src=\"https:\/\/www.dominikwarmillo.pl\/wp-content\/uploads\/2025\/06\/Pielegnowanie-relacji-Jak-inwestowac-czas-i-energie-w-rozwijanie-bliskich-wiezi-z-innymi-1_page-0001.webp\" class=\"attachment-full size-full wp-post-image\" alt=\"\" srcset=\"https:\/\/www.dominikwarmillo.pl\/wp-content\/uploads\/2025\/06\/Pielegnowanie-relacji-Jak-inwestowac-czas-i-energie-w-rozwijanie-bliskich-wiezi-z-innymi-1_page-0001.webp 1241w, https:\/\/www.dominikwarmillo.pl\/wp-content\/uploads\/2025\/06\/Pielegnowanie-relacji-Jak-inwestowac-czas-i-energie-w-rozwijanie-bliskich-wiezi-z-innymi-1_page-0001-212x300.webp 212w, https:\/\/www.dominikwarmillo.pl\/wp-content\/uploads\/2025\/06\/Pielegnowanie-relacji-Jak-inwestowac-czas-i-energie-w-rozwijanie-bliskich-wiezi-z-innymi-1_page-0001-724x1024.webp 724w, https:\/\/www.dominikwarmillo.pl\/wp-content\/uploads\/2025\/06\/Pielegnowanie-relacji-Jak-inwestowac-czas-i-energie-w-rozwijanie-bliskich-wiezi-z-innymi-1_page-0001-768x1086.webp 768w, https:\/\/www.dominikwarmillo.pl\/wp-content\/uploads\/2025\/06\/Pielegnowanie-relacji-Jak-inwestowac-czas-i-energie-w-rozwijanie-bliskich-wiezi-z-innymi-1_page-0001-1086x1536.webp 1086w, https:\/\/www.dominikwarmillo.pl\/wp-content\/uploads\/2025\/06\/Pielegnowanie-relacji-Jak-inwestowac-czas-i-energie-w-rozwijanie-bliskich-wiezi-z-innymi-1_page-0001-8x12.webp 8w, https:\/\/www.dominikwarmillo.pl\/wp-content\/uploads\/2025\/06\/Pielegnowanie-relacji-Jak-inwestowac-czas-i-energie-w-rozwijanie-bliskich-wiezi-z-innymi-1_page-0001-600x849.webp 600w\" sizes=\"(max-width: 1241px) 100vw, 1241px\" \/>\t\t<\/div>\n\t\t<div class=\"mkdf-pli-text\" >\n\t\t\t<div class=\"mkdf-pli-text-outer\">\n\t\t\t\t<div class=\"mkdf-pli-text-inner\">\n\t\t\t\t\t\t\n\t<div class=\"mkdf-pli-add-to-cart mkdf-default-skin\">\n\t\t<a rel=\"nofollow\" href=\"?add-to-cart=6438\" data-quantity=\"1\" data-product_id=\"6438\" data-product_sku=\"\" class=\"button add_to_cart_button ajax_add_to_cart mkdf-button\"><span class=\"mkdf-icon-linea-icon icon-ecommerce-basket-download mkdf-icon-element\"><\/span><\/a>\t<\/div>\n\t\t\t\t<\/div>\n\t\t\t<\/div>\n\t\t<\/div>\n\t\t<a class=\"mkdf-pli-link\" itemprop=\"url\" href=\"https:\/\/www.dominikwarmillo.pl\/en\/product\/pielegnowanie-relacji\/\" title=\"PIEL\u0118GNOWANIE RELACJI\"><\/a>\n\t<\/div>\n\t<div class=\"mkdf-pli-text-wrapper\" style=\"text-align: center\">\n\t\t    <h5 itemprop=\"name\" class=\"entry-title mkdf-pli-title\" >\n\t\t<a itemprop=\"url\" href=\"https:\/\/www.dominikwarmillo.pl\/en\/product\/pielegnowanie-relacji\/\">PIEL\u0118GNOWANIE RELACJI<\/a>\n\t<\/h5>\n\t\t\n\t\t\t\t\n\t\t\t\t\n\t\t\t\t\n\t\t\t<div class=\"mkdf-pli-price\"><span class=\"woocommerce-Price-amount amount\">49,00&nbsp;<span class=\"woocommerce-Price-currencySymbol\">&#122;&#322;<\/span><\/span><\/div>\n\t<\/div>\n<\/div><div class=\"mkdf-pli mkdf-item-space\">\n\t<div class=\"mkdf-pli-inner\">\n\t\t<div class=\"mkdf-pli-image\">\n\t\t\t\n<img decoding=\"async\" width=\"1241\" height=\"1755\" src=\"https:\/\/www.dominikwarmillo.pl\/wp-content\/uploads\/2025\/06\/Nutrition-Protocol-1_page-0001.webp\" class=\"attachment-full size-full wp-post-image\" alt=\"\" srcset=\"https:\/\/www.dominikwarmillo.pl\/wp-content\/uploads\/2025\/06\/Nutrition-Protocol-1_page-0001.webp 1241w, https:\/\/www.dominikwarmillo.pl\/wp-content\/uploads\/2025\/06\/Nutrition-Protocol-1_page-0001-212x300.webp 212w, https:\/\/www.dominikwarmillo.pl\/wp-content\/uploads\/2025\/06\/Nutrition-Protocol-1_page-0001-724x1024.webp 724w, https:\/\/www.dominikwarmillo.pl\/wp-content\/uploads\/2025\/06\/Nutrition-Protocol-1_page-0001-768x1086.webp 768w, https:\/\/www.dominikwarmillo.pl\/wp-content\/uploads\/2025\/06\/Nutrition-Protocol-1_page-0001-1086x1536.webp 1086w, https:\/\/www.dominikwarmillo.pl\/wp-content\/uploads\/2025\/06\/Nutrition-Protocol-1_page-0001-8x12.webp 8w, https:\/\/www.dominikwarmillo.pl\/wp-content\/uploads\/2025\/06\/Nutrition-Protocol-1_page-0001-600x849.webp 600w\" sizes=\"(max-width: 1241px) 100vw, 1241px\" \/>\t\t<\/div>\n\t\t<div class=\"mkdf-pli-text\" >\n\t\t\t<div class=\"mkdf-pli-text-outer\">\n\t\t\t\t<div class=\"mkdf-pli-text-inner\">\n\t\t\t\t\t\t\n\t<div class=\"mkdf-pli-add-to-cart mkdf-default-skin\">\n\t\t<a rel=\"nofollow\" href=\"?add-to-cart=6448\" data-quantity=\"1\" data-product_id=\"6448\" data-product_sku=\"\" class=\"button add_to_cart_button ajax_add_to_cart mkdf-button\"><span class=\"mkdf-icon-linea-icon icon-ecommerce-basket-download mkdf-icon-element\"><\/span><\/a>\t<\/div>\n\t\t\t\t<\/div>\n\t\t\t<\/div>\n\t\t<\/div>\n\t\t<a class=\"mkdf-pli-link\" itemprop=\"url\" href=\"https:\/\/www.dominikwarmillo.pl\/en\/product\/proste-makro-przewodnik-makroskladniki\/\" title=\"PROSTE MAKRO\"><\/a>\n\t<\/div>\n\t<div class=\"mkdf-pli-text-wrapper\" style=\"text-align: center\">\n\t\t    <h5 itemprop=\"name\" class=\"entry-title mkdf-pli-title\" >\n\t\t<a itemprop=\"url\" href=\"https:\/\/www.dominikwarmillo.pl\/en\/product\/proste-makro-przewodnik-makroskladniki\/\">PROSTE MAKRO<\/a>\n\t<\/h5>\n\t\t\n\t\t\t\t\n\t\t\t\t\n\t\t\t\t\n\t\t\t<div class=\"mkdf-pli-price\"><span class=\"woocommerce-Price-amount amount\">49,00&nbsp;<span class=\"woocommerce-Price-currencySymbol\">&#122;&#322;<\/span><\/span><\/div>\n\t<\/div>\n<\/div>\t<\/div>\n<\/div>\t\t<\/div>\n\t\t\t\t<\/div>\n\t\t\t\t\t<\/div>\n\t\t<\/div>\n\t\t\t\t\t\t\t<\/div>\n\t\t<\/section>\n\t\t\t\t\t\t\t<\/div>","protected":false},"excerpt":{"rendered":"<p>Sale 7-DNIOWY PLAN TRENINGOWY W DOMU &#122;&#322;49,00 &#122;&#322;0,00 Sale 10 PROSTYCH PRZEPIS\u00d3W DLA OS\u00d3B AKTYWNYCH FIZYCZNIE &#122;&#322;49,00 &#122;&#322;0,00 Sale JAK SKUTECZNIE USTALA\u0106 CELE I UNIKA\u0106 WYPALENIA? &#122;&#322;49,00 &#122;&#322;0,00 POKONAJ W KO\u0143CU SW\u00d3J L\u0118K I ZACZNIJ DZIA\u0141A\u0106 &#122;&#322;49,00 \u017bELAZNA PEWNO\u015a\u0106 SIEBIE [&hellip;]<\/p>","protected":false},"author":12,"featured_media":0,"parent":3175,"menu_order":0,"comment_status":"closed","ping_status":"closed","template":"","meta":{"inline_featured_image":false,"footnotes":""},"class_list":["post-6188","page","type-page","status-publish","hentry"],"_links":{"self":[{"href":"https:\/\/www.dominikwarmillo.pl\/en\/wp-json\/wp\/v2\/pages\/6188"}],"collection":[{"href":"https:\/\/www.dominikwarmillo.pl\/en\/wp-json\/wp\/v2\/pages"}],"about":[{"href":"https:\/\/www.dominikwarmillo.pl\/en\/wp-json\/wp\/v2\/types\/page"}],"author":[{"embeddable":true,"href":"https:\/\/www.dominikwarmillo.pl\/en\/wp-json\/wp\/v2\/users\/12"}],"replies":[{"embeddable":true,"href":"https:\/\/www.dominikwarmillo.pl\/en\/wp-json\/wp\/v2\/comments?post=6188"}],"version-history":[{"count":8,"href":"https:\/\/www.dominikwarmillo.pl\/en\/wp-json\/wp\/v2\/pages\/6188\/revisions"}],"predecessor-version":[{"id":6457,"href":"https:\/\/www.dominikwarmillo.pl\/en\/wp-json\/wp\/v2\/pages\/6188\/revisions\/6457"}],"up":[{"embeddable":true,"href":"https:\/\/www.dominikwarmillo.pl\/en\/wp-json\/wp\/v2\/pages\/3175"}],"wp:attachment":[{"href":"https:\/\/www.dominikwarmillo.pl\/en\/wp-json\/wp\/v2\/media?parent=6188"}],"curies":[{"name":"wp","href":"https:\/\/api.w.org\/{rel}","templated":true}]}}